{"id":26625,"date":"2020-01-29T12:29:05","date_gmt":"2020-01-29T11:29:05","guid":{"rendered":"https:\/\/www.viva-riviera.com\/grande-studio-tranquillo-con-balcone\/"},"modified":"2020-01-29T12:36:28","modified_gmt":"2020-01-29T11:36:28","slug":"grande-studio-tranquillo-con-balcone","status":"publish","type":"page","link":"https:\/\/www.viva-riviera.com\/it\/grande-studio-tranquillo-con-balcone\/","title":{"rendered":"Grande studio tranquillo con balcone"},"content":{"rendered":"<figure><img decoding=\"async\" src=\"https:\/\/www.viva-riviera.com\/wp-content\/uploads\/2020\/01\/Chambre-580x387.jpg\" alt=\"Chambre\" \/><\/figure>\n<figure><img decoding=\"async\" src=\"https:\/\/www.viva-riviera.com\/wp-content\/uploads\/2020\/01\/Lit-580x387.jpg\" alt=\"Lit\" \/><\/figure>\n<figure><img decoding=\"async\" src=\"https:\/\/www.viva-riviera.com\/wp-content\/uploads\/2020\/01\/Salon-I-580x387.jpg\" alt=\"Salon\" \/><\/figure>\n<figure><img decoding=\"async\" src=\"https:\/\/www.viva-riviera.com\/wp-content\/uploads\/2020\/01\/Salon-580x387.jpg\" alt=\"Salon\" \/><\/figure>\n<figure><img decoding=\"async\" src=\"https:\/\/www.viva-riviera.com\/wp-content\/uploads\/2020\/01\/Cuisine-580x387.jpg\" alt=\"Salle \u00e0 manger\" \/><\/figure>\n<figure><img decoding=\"async\" src=\"https:\/\/www.viva-riviera.com\/wp-content\/uploads\/2020\/01\/Salle-de-bain-580x387.jpg\" alt=\"Salle de bain\" \/><\/figure>\n<figure><img decoding=\"async\" src=\"https:\/\/www.viva-riviera.com\/wp-content\/uploads\/2020\/01\/Toilettes-580x387.jpg\" alt=\"Toilettes et baignoire\" \/><\/figure>\n<figure><img decoding=\"async\" src=\"https:\/\/www.viva-riviera.com\/wp-content\/uploads\/2020\/01\/Balcon-580x387.jpg\" alt=\"Balcon\" \/><\/figure>\n<figure><img decoding=\"async\" src=\"https:\/\/www.viva-riviera.com\/wp-content\/uploads\/2020\/01\/Vue-580x387.jpg\" alt=\"Vue\" \/><\/figure>\n<figure><img decoding=\"async\" src=\"https:\/\/www.viva-riviera.com\/wp-content\/uploads\/2020\/01\/Entr\u00e9e-580x387.jpg\" alt=\"Entr\u00e9e\" \/><\/figure>\n<figure><img decoding=\"async\" src=\"https:\/\/www.viva-riviera.com\/wp-content\/uploads\/2020\/01\/Entr\u00e9e-ext\u00e9rieur-580x387.jpg\" alt=\"Immeuble\" \/><\/figure>\n<p>\t\t\t\t\t\tPr\u00e9c\u00e9dent<br \/>\n\t\t\t\t\t\tSuivant<\/p>\n<h2>Grande studio tranquillo con balcone<\/h2>\n<p><em>Riferimento &#8220;Beaus\u00e9jour&#8221;<\/em><\/p>\n<p>Ti piace questo posto? <\/p>\n<p>\t\t\t<a href=\"https:\/\/new.rentalsunited.com\/Property\/2605648?df=31\/01\/2020&amp;dt=05\/02\/2020&amp;nop=2&amp;sc=556389\" target=\"_blank\" role=\"button\" rel=\"noopener noreferrer\"><br \/>\n\t\t\t\t\t\tPrenotare<br \/>\n\t\t\t\t\t<\/a><\/p>\n<p>Ha una domanda?<\/p>\n<p>\t\t\t<a href=\"https:\/\/www.viva-riviera.com\/it\/contatto__trashed\/\" target=\"_blank\" role=\"button\" rel=\"noopener noreferrer\"><br \/>\n\t\t\t\t\t\tContattateci<br \/>\n\t\t\t\t\t<\/a><\/p>\n<h2>Grande studio tranquillo con balcone<\/h2>\n<p><em>Riferimento &#8220;Beaus\u00e9jour&#8221;<\/em><\/p>\n<p>Ti piace questo posto?<\/p>\n<p>\t\t\t<a href=\"https:\/\/www.viva-riviera.com\/it\/contatto__trashed\/\" target=\"_blank\" role=\"button\" rel=\"noopener noreferrer\"><br \/>\n\t\t\t\t\t\tContattateci<br \/>\n\t\t\t\t\t<\/a><\/p>\n<h3>\n\t\t\t\t\tFino a 2 persone<br \/>\n\t\t\t\t<\/h3>\n<h3>\n\t\t\t\t\t1 doppio divano letto<br \/>\n\t\t\t\t<\/h3>\n<h3>\n\t\t\t\t\tPrimo piano<br \/>\n\t\t\t\t<\/h3>\n<h3>\n\t\t\t\t\tAscensore<br \/>\n\t\t\t\t<\/h3>\n<h3>\n\t\t\t\t\tfino a 2 persone<br \/>\n\t\t\t\t<\/h3>\n<h3>\n\t\t\t\t\tPrimo piano<br \/>\n\t\t\t\t<\/h3>\n<h3>\n\t\t\t\t\tascensore<br \/>\n\t\t\t\t<\/h3>\n<h3>\n\t\t\t\t\t1 doppio divano letto<br \/>\n\t\t\t\t<\/h3>\n<h3>Descrizione<\/h3>\n<p>Questo spazioso e luminoso studio di <strong>30 m\u00b2<\/strong>con un <strong>bellissimo<\/strong> <strong>balcone<\/strong> pu\u00f2 ospitare <strong>2 persone<\/strong> grazie a un doppio divano letto. Si trova al <strong>primo piano<\/strong> di una residenza sicura in una zona tranquilla con <strong>ascensore.<\/strong> L&#8217;alloggio \u00e8 completamente<strong> attrezzato, <\/strong>molto vicino<strong> ad Antibes Street e al centro della citt\u00e0.<\/strong><\/p>\n<h3>L&#8217;attrezzatura<\/h3>\n<p>L&#8217;appartamento ha accesso a internet, televisione e aria condizionata. <br \/>La sala principale \u00e8 dotata di un divano letto che pu\u00f2 ospitare 2 persone. <br \/>In cucina troverete queste strutture: <\/p>\n<ul>\n<li>vasellame<\/li>\n<li>teglie da forno<\/li>\n<li>frigorifero e congelatore<\/li>\n<li>bollitore elettrico<\/li>\n<li>caff\u00e8<\/li>\n<li>forno a microonde<\/li>\n<li>forno<\/li>\n<li>tostapane<\/li>\n<\/ul>\n<p>Il bagno \u00e8 dotato di vasca da bagno. Sono disponibili asciugamani, asciugacapelli e prodotti per l&#8217;ospitalit\u00e0. <br \/>Il vantaggio include anche la pulizia alla fine del soggiorno. <\/p>\n<h3>Il quartiere<\/h3>\n<p>Nella parte inferiore della California e del quartiere di <strong>Montfleury,<\/strong> <strong>tranquillo<\/strong> e facilmente <strong>accessibile<\/strong> a piedi dal Palazzo e vicino alla <strong>Rue d&#8217;Antibes, alla Croisette<\/strong> e ai suoi grandi alberghi. Area ideale per essere <strong>tranquillo<\/strong> mentre soggiornate vicino al centro della <strong>citt\u00e0.<\/strong> <\/p>\n<h3>Foto<\/h3>\n<p>\t\t\t#gallery-4 {<br \/>\n\t\t\t\tmargin: auto;<br \/>\n\t\t\t}<br \/>\n\t\t\t#gallery-4 .gallery-item {<br \/>\n\t\t\t\tfloat: left;<br \/>\n\t\t\t\tmargin-top: 10px;<br \/>\n\t\t\t\ttext-align: center;<br \/>\n\t\t\t\twidth: 33%;<br \/>\n\t\t\t}<br \/>\n\t\t\t#gallery-4 img {<br \/>\n\t\t\t\tborder: 2px solid #cfcfcf;<br \/>\n\t\t\t}<br \/>\n\t\t\t#gallery-4 .gallery-caption {<br \/>\n\t\t\t\tmargin-left: 0;<br \/>\n\t\t\t}<br \/>\n\t\t\t\/* see gallery_shortcode() in wp-includes\/media.php *\/<\/p>\n<dl class='gallery-item'>\n<dt class='gallery-icon landscape'>\n\t\t\t\t<a data-elementor-open-lightbox=\"yes\" data-elementor-lightbox-slideshow=\"306214af\" href='https:\/\/www.viva-riviera.com\/wp-content\/uploads\/2020\/01\/Chambre-scaled.jpg'><img decoding=\"async\" width=\"580\" height=\"387\" src=\"https:\/\/www.viva-riviera.com\/wp-content\/uploads\/2020\/01\/Chambre-580x387.jpg\" alt=\"\" aria-describedby=\"gallery-4-26538\" \/><\/a>\n\t\t\t<\/dt>\n<dd class='wp-caption-text gallery-caption' id='gallery-4-26538'>\n\t\t\t\tChambre\n\t\t\t\t<\/dd>\n<\/dl>\n<dl class='gallery-item'>\n<dt class='gallery-icon landscape'>\n\t\t\t\t<a data-elementor-open-lightbox=\"yes\" data-elementor-lightbox-slideshow=\"306214af\" href='https:\/\/www.viva-riviera.com\/wp-content\/uploads\/2020\/01\/Chambre-I-scaled.jpg'><img decoding=\"async\" width=\"580\" height=\"387\" src=\"https:\/\/www.viva-riviera.com\/wp-content\/uploads\/2020\/01\/Chambre-I-580x387.jpg\" alt=\"\" aria-describedby=\"gallery-4-26605\" \/><\/a>\n\t\t\t<\/dt>\n<dd class='wp-caption-text gallery-caption' id='gallery-4-26605'>\n\t\t\t\tChambre\n\t\t\t\t<\/dd>\n<\/dl>\n<dl class='gallery-item'>\n<dt class='gallery-icon landscape'>\n\t\t\t\t<a data-elementor-open-lightbox=\"yes\" data-elementor-lightbox-slideshow=\"306214af\" href='https:\/\/www.viva-riviera.com\/wp-content\/uploads\/2020\/01\/Lit-scaled.jpg'><img decoding=\"async\" width=\"580\" height=\"387\" src=\"https:\/\/www.viva-riviera.com\/wp-content\/uploads\/2020\/01\/Lit-580x387.jpg\" alt=\"\" aria-describedby=\"gallery-4-26554\" \/><\/a>\n\t\t\t<\/dt>\n<dd class='wp-caption-text gallery-caption' id='gallery-4-26554'>\n\t\t\t\tLit\n\t\t\t\t<\/dd>\n<\/dl>\n<p><br style=\"clear: both\" \/><\/p>\n<dl class='gallery-item'>\n<dt class='gallery-icon landscape'>\n\t\t\t\t<a data-elementor-open-lightbox=\"yes\" data-elementor-lightbox-slideshow=\"306214af\" href='https:\/\/www.viva-riviera.com\/wp-content\/uploads\/2020\/01\/Salon-I-scaled.jpg'><img decoding=\"async\" width=\"580\" height=\"387\" src=\"https:\/\/www.viva-riviera.com\/wp-content\/uploads\/2020\/01\/Salon-I-580x387.jpg\" alt=\"\" aria-describedby=\"gallery-4-26562\" \/><\/a>\n\t\t\t<\/dt>\n<dd class='wp-caption-text gallery-caption' id='gallery-4-26562'>\n\t\t\t\tSalon\n\t\t\t\t<\/dd>\n<\/dl>\n<dl class='gallery-item'>\n<dt class='gallery-icon landscape'>\n\t\t\t\t<a data-elementor-open-lightbox=\"yes\" data-elementor-lightbox-slideshow=\"306214af\" href='https:\/\/www.viva-riviera.com\/wp-content\/uploads\/2020\/01\/Salon-scaled.jpg'><img decoding=\"async\" width=\"580\" height=\"387\" src=\"https:\/\/www.viva-riviera.com\/wp-content\/uploads\/2020\/01\/Salon-580x387.jpg\" alt=\"\" aria-describedby=\"gallery-4-26566\" \/><\/a>\n\t\t\t<\/dt>\n<dd class='wp-caption-text gallery-caption' id='gallery-4-26566'>\n\t\t\t\tSalon\n\t\t\t\t<\/dd>\n<\/dl>\n<dl class='gallery-item'>\n<dt class='gallery-icon landscape'>\n\t\t\t\t<a data-elementor-open-lightbox=\"yes\" data-elementor-lightbox-slideshow=\"306214af\" href='https:\/\/www.viva-riviera.com\/wp-content\/uploads\/2020\/01\/Cuisine-scaled.jpg'><img decoding=\"async\" width=\"580\" height=\"387\" src=\"https:\/\/www.viva-riviera.com\/wp-content\/uploads\/2020\/01\/Cuisine-580x387.jpg\" alt=\"\" aria-describedby=\"gallery-4-26542\" \/><\/a>\n\t\t\t<\/dt>\n<dd class='wp-caption-text gallery-caption' id='gallery-4-26542'>\n\t\t\t\tSalle \u00e0 manger\n\t\t\t\t<\/dd>\n<\/dl>\n<p><br style=\"clear: both\" \/><\/p>\n<dl class='gallery-item'>\n<dt class='gallery-icon landscape'>\n\t\t\t\t<a data-elementor-open-lightbox=\"yes\" data-elementor-lightbox-slideshow=\"306214af\" href='https:\/\/www.viva-riviera.com\/wp-content\/uploads\/2020\/01\/Toilettes-scaled.jpg'><img decoding=\"async\" width=\"580\" height=\"387\" src=\"https:\/\/www.viva-riviera.com\/wp-content\/uploads\/2020\/01\/Toilettes-580x387.jpg\" alt=\"\" aria-describedby=\"gallery-4-26570\" \/><\/a>\n\t\t\t<\/dt>\n<dd class='wp-caption-text gallery-caption' id='gallery-4-26570'>\n\t\t\t\tToilettes et baignoire\n\t\t\t\t<\/dd>\n<\/dl>\n<dl class='gallery-item'>\n<dt class='gallery-icon portrait'>\n\t\t\t\t<a data-elementor-open-lightbox=\"yes\" data-elementor-lightbox-slideshow=\"306214af\" href='https:\/\/www.viva-riviera.com\/wp-content\/uploads\/2020\/01\/Salle-de-bain-scaled.jpg'><img decoding=\"async\" width=\"580\" height=\"387\" src=\"https:\/\/www.viva-riviera.com\/wp-content\/uploads\/2020\/01\/Salle-de-bain-580x387.jpg\" alt=\"\" aria-describedby=\"gallery-4-26558\" \/><\/a>\n\t\t\t<\/dt>\n<dd class='wp-caption-text gallery-caption' id='gallery-4-26558'>\n\t\t\t\tSalle de bain\n\t\t\t\t<\/dd>\n<\/dl>\n<dl class='gallery-item'>\n<dt class='gallery-icon landscape'>\n\t\t\t\t<a data-elementor-open-lightbox=\"yes\" data-elementor-lightbox-slideshow=\"306214af\" href='https:\/\/www.viva-riviera.com\/wp-content\/uploads\/2020\/01\/Balcon-1-scaled.jpg'><img decoding=\"async\" width=\"580\" height=\"387\" src=\"https:\/\/www.viva-riviera.com\/wp-content\/uploads\/2020\/01\/Balcon-1-580x387.jpg\" alt=\"\" aria-describedby=\"gallery-4-26601\" \/><\/a>\n\t\t\t<\/dt>\n<dd class='wp-caption-text gallery-caption' id='gallery-4-26601'>\n\t\t\t\tBalcon\n\t\t\t\t<\/dd>\n<\/dl>\n<p><br style=\"clear: both\" \/><\/p>\n<dl class='gallery-item'>\n<dt class='gallery-icon landscape'>\n\t\t\t\t<a data-elementor-open-lightbox=\"yes\" data-elementor-lightbox-slideshow=\"306214af\" href='https:\/\/www.viva-riviera.com\/wp-content\/uploads\/2020\/01\/Vue-scaled.jpg'><img decoding=\"async\" width=\"580\" height=\"387\" src=\"https:\/\/www.viva-riviera.com\/wp-content\/uploads\/2020\/01\/Vue-580x387.jpg\" alt=\"\" aria-describedby=\"gallery-4-26574\" \/><\/a>\n\t\t\t<\/dt>\n<dd class='wp-caption-text gallery-caption' id='gallery-4-26574'>\n\t\t\t\tVue\n\t\t\t\t<\/dd>\n<\/dl>\n<dl class='gallery-item'>\n<dt class='gallery-icon landscape'>\n\t\t\t\t<a data-elementor-open-lightbox=\"yes\" data-elementor-lightbox-slideshow=\"306214af\" href='https:\/\/www.viva-riviera.com\/wp-content\/uploads\/2020\/01\/Entr\u00e9e-ext\u00e9rieur-scaled.jpg'><img decoding=\"async\" width=\"580\" height=\"387\" src=\"https:\/\/www.viva-riviera.com\/wp-content\/uploads\/2020\/01\/Entr\u00e9e-ext\u00e9rieur-580x387.jpg\" alt=\"\" aria-describedby=\"gallery-4-26546\" \/><\/a>\n\t\t\t<\/dt>\n<dd class='wp-caption-text gallery-caption' id='gallery-4-26546'>\n\t\t\t\tImmeuble\n\t\t\t\t<\/dd>\n<\/dl>\n<dl class='gallery-item'>\n<dt class='gallery-icon landscape'>\n\t\t\t\t<a data-elementor-open-lightbox=\"yes\" data-elementor-lightbox-slideshow=\"306214af\" href='https:\/\/www.viva-riviera.com\/wp-content\/uploads\/2020\/01\/Entr\u00e9e-scaled.jpg'><img decoding=\"async\" width=\"580\" height=\"387\" src=\"https:\/\/www.viva-riviera.com\/wp-content\/uploads\/2020\/01\/Entr\u00e9e-580x387.jpg\" alt=\"\" aria-describedby=\"gallery-4-26550\" \/><\/a>\n\t\t\t<\/dt>\n<dd class='wp-caption-text gallery-caption' id='gallery-4-26550'>\n\t\t\t\tEntr\u00e9e\n\t\t\t\t<\/dd>\n<\/dl>\n<p><br style=\"clear: both\" \/><\/p>\n","protected":false},"excerpt":{"rendered":"<p>Pr\u00e9c\u00e9dent Suivant Grande studio tranquillo con balcone Riferimento &#8220;Beaus\u00e9jour&#8221; Ti piace questo posto? Prenotare Ha una domanda? Contattateci Grande studio tranquillo con balcone Riferimento &#8220;Beaus\u00e9jour&#8221; Ti piace questo posto? Contattateci Fino a 2 persone 1 doppio divano letto Primo piano Ascensore fino a 2 persone&#8230;<\/p>\n","protected":false},"author":10,"featured_media":0,"parent":0,"menu_order":0,"comment_status":"closed","ping_status":"closed","template":"elementor_header_footer","meta":{"_exactmetrics_skip_tracking":false,"_exactmetrics_sitenote_active":false,"_exactmetrics_sitenote_note":"","_exactmetrics_sitenote_category":0},"yoast_head":"<!-- This site is optimized with the Yoast SEO plugin v21.8.1 - https:\/\/yoast.com\/wordpress\/plugins\/seo\/ -->\n<title>Grande studio tranquillo con balcone - Viva Riviera<\/title>\n<meta name=\"description\" content=\"Ideale per la vostra vacanza o convegni a Cannes! Grande studio, luminoso e completamente attrezzato con balcone. Situato in una zona tranquilla e sicura, a 5 minuti a piedi dalla Rue d&#039;Antibes ;)\" \/>\n<meta name=\"robots\" content=\"index, follow, max-snippet:-1, max-image-preview:large, max-video-preview:-1\" \/>\n<link rel=\"canonical\" href=\"https:\/\/www.viva-riviera.com\/it\/grande-studio-tranquillo-con-balcone\/\" \/>\n<meta property=\"og:locale\" content=\"it_IT\" \/>\n<meta property=\"og:type\" content=\"article\" \/>\n<meta property=\"og:title\" content=\"Grande studio tranquillo con balcone - Viva Riviera\" \/>\n<meta property=\"og:description\" content=\"Ideale per la vostra vacanza o convegni a Cannes! Grande studio, luminoso e completamente attrezzato con balcone. Situato in una zona tranquilla e sicura, a 5 minuti a piedi dalla Rue d&#039;Antibes ;)\" \/>\n<meta property=\"og:url\" content=\"https:\/\/www.viva-riviera.com\/it\/grande-studio-tranquillo-con-balcone\/\" \/>\n<meta property=\"og:site_name\" content=\"Viva Riviera\" \/>\n<meta property=\"article:publisher\" content=\"https:\/\/www.facebook.com\/vivariviera\" \/>\n<meta property=\"article:modified_time\" content=\"2020-01-29T11:36:28+00:00\" \/>\n<meta property=\"og:image\" content=\"https:\/\/www.viva-riviera.com\/wp-content\/uploads\/2020\/01\/Chambre-580x387.jpg\" \/>\n<meta name=\"twitter:card\" content=\"summary_large_image\" \/>\n<meta name=\"twitter:site\" content=\"@Viva_Riviera\" \/>\n<meta name=\"twitter:label1\" content=\"Tempo di lettura stimato\" \/>\n\t<meta name=\"twitter:data1\" content=\"1 minuto\" \/>\n<script type=\"application\/ld+json\" class=\"yoast-schema-graph\">{\"@context\":\"https:\/\/schema.org\",\"@graph\":[{\"@type\":\"WebPage\",\"@id\":\"https:\/\/www.viva-riviera.com\/it\/grande-studio-tranquillo-con-balcone\/\",\"url\":\"https:\/\/www.viva-riviera.com\/it\/grande-studio-tranquillo-con-balcone\/\",\"name\":\"Grande studio tranquillo con balcone - Viva Riviera\",\"isPartOf\":{\"@id\":\"https:\/\/www.viva-riviera.com\/it\/#website\"},\"datePublished\":\"2020-01-29T11:29:05+00:00\",\"dateModified\":\"2020-01-29T11:36:28+00:00\",\"description\":\"Ideale per la vostra vacanza o convegni a Cannes! Grande studio, luminoso e completamente attrezzato con balcone. Situato in una zona tranquilla e sicura, a 5 minuti a piedi dalla Rue d'Antibes ;)\",\"breadcrumb\":{\"@id\":\"https:\/\/www.viva-riviera.com\/it\/grande-studio-tranquillo-con-balcone\/#breadcrumb\"},\"inLanguage\":\"it-IT\",\"potentialAction\":[{\"@type\":\"ReadAction\",\"target\":[\"https:\/\/www.viva-riviera.com\/it\/grande-studio-tranquillo-con-balcone\/\"]}]},{\"@type\":\"BreadcrumbList\",\"@id\":\"https:\/\/www.viva-riviera.com\/it\/grande-studio-tranquillo-con-balcone\/#breadcrumb\",\"itemListElement\":[{\"@type\":\"ListItem\",\"position\":1,\"name\":\"Accueil\",\"item\":\"https:\/\/www.viva-riviera.com\/it\/benvenuto\/\"},{\"@type\":\"ListItem\",\"position\":2,\"name\":\"Grande studio tranquillo con balcone\"}]},{\"@type\":\"WebSite\",\"@id\":\"https:\/\/www.viva-riviera.com\/it\/#website\",\"url\":\"https:\/\/www.viva-riviera.com\/it\/\",\"name\":\"Viva Riviera\",\"description\":\"Location saisonni\u00e8re \u00e0 Cannes\",\"potentialAction\":[{\"@type\":\"SearchAction\",\"target\":{\"@type\":\"EntryPoint\",\"urlTemplate\":\"https:\/\/www.viva-riviera.com\/it\/?s={search_term_string}\"},\"query-input\":\"required name=search_term_string\"}],\"inLanguage\":\"it-IT\"}]}<\/script>\n<!-- \/ Yoast SEO plugin. -->","yoast_head_json":{"title":"Grande studio tranquillo con balcone - Viva Riviera","description":"Ideale per la vostra vacanza o convegni a Cannes! Grande studio, luminoso e completamente attrezzato con balcone. Situato in una zona tranquilla e sicura, a 5 minuti a piedi dalla Rue d'Antibes ;)","robots":{"index":"index","follow":"follow","max-snippet":"max-snippet:-1","max-image-preview":"max-image-preview:large","max-video-preview":"max-video-preview:-1"},"canonical":"https:\/\/www.viva-riviera.com\/it\/grande-studio-tranquillo-con-balcone\/","og_locale":"it_IT","og_type":"article","og_title":"Grande studio tranquillo con balcone - Viva Riviera","og_description":"Ideale per la vostra vacanza o convegni a Cannes! Grande studio, luminoso e completamente attrezzato con balcone. Situato in una zona tranquilla e sicura, a 5 minuti a piedi dalla Rue d'Antibes ;)","og_url":"https:\/\/www.viva-riviera.com\/it\/grande-studio-tranquillo-con-balcone\/","og_site_name":"Viva Riviera","article_publisher":"https:\/\/www.facebook.com\/vivariviera","article_modified_time":"2020-01-29T11:36:28+00:00","og_image":[{"url":"https:\/\/www.viva-riviera.com\/wp-content\/uploads\/2020\/01\/Chambre-580x387.jpg"}],"twitter_card":"summary_large_image","twitter_site":"@Viva_Riviera","twitter_misc":{"Tempo di lettura stimato":"1 minuto"},"schema":{"@context":"https:\/\/schema.org","@graph":[{"@type":"WebPage","@id":"https:\/\/www.viva-riviera.com\/it\/grande-studio-tranquillo-con-balcone\/","url":"https:\/\/www.viva-riviera.com\/it\/grande-studio-tranquillo-con-balcone\/","name":"Grande studio tranquillo con balcone - Viva Riviera","isPartOf":{"@id":"https:\/\/www.viva-riviera.com\/it\/#website"},"datePublished":"2020-01-29T11:29:05+00:00","dateModified":"2020-01-29T11:36:28+00:00","description":"Ideale per la vostra vacanza o convegni a Cannes! Grande studio, luminoso e completamente attrezzato con balcone. Situato in una zona tranquilla e sicura, a 5 minuti a piedi dalla Rue d'Antibes ;)","breadcrumb":{"@id":"https:\/\/www.viva-riviera.com\/it\/grande-studio-tranquillo-con-balcone\/#breadcrumb"},"inLanguage":"it-IT","potentialAction":[{"@type":"ReadAction","target":["https:\/\/www.viva-riviera.com\/it\/grande-studio-tranquillo-con-balcone\/"]}]},{"@type":"BreadcrumbList","@id":"https:\/\/www.viva-riviera.com\/it\/grande-studio-tranquillo-con-balcone\/#breadcrumb","itemListElement":[{"@type":"ListItem","position":1,"name":"Accueil","item":"https:\/\/www.viva-riviera.com\/it\/benvenuto\/"},{"@type":"ListItem","position":2,"name":"Grande studio tranquillo con balcone"}]},{"@type":"WebSite","@id":"https:\/\/www.viva-riviera.com\/it\/#website","url":"https:\/\/www.viva-riviera.com\/it\/","name":"Viva Riviera","description":"Location saisonni\u00e8re \u00e0 Cannes","potentialAction":[{"@type":"SearchAction","target":{"@type":"EntryPoint","urlTemplate":"https:\/\/www.viva-riviera.com\/it\/?s={search_term_string}"},"query-input":"required name=search_term_string"}],"inLanguage":"it-IT"}]}},"_links":{"self":[{"href":"https:\/\/www.viva-riviera.com\/it\/wp-json\/wp\/v2\/pages\/26625"}],"collection":[{"href":"https:\/\/www.viva-riviera.com\/it\/wp-json\/wp\/v2\/pages"}],"about":[{"href":"https:\/\/www.viva-riviera.com\/it\/wp-json\/wp\/v2\/types\/page"}],"author":[{"embeddable":true,"href":"https:\/\/www.viva-riviera.com\/it\/wp-json\/wp\/v2\/users\/10"}],"replies":[{"embeddable":true,"href":"https:\/\/www.viva-riviera.com\/it\/wp-json\/wp\/v2\/comments?post=26625"}],"version-history":[{"count":24,"href":"https:\/\/www.viva-riviera.com\/it\/wp-json\/wp\/v2\/pages\/26625\/revisions"}],"predecessor-version":[{"id":26664,"href":"https:\/\/www.viva-riviera.com\/it\/wp-json\/wp\/v2\/pages\/26625\/revisions\/26664"}],"wp:attachment":[{"href":"https:\/\/www.viva-riviera.com\/it\/wp-json\/wp\/v2\/media?parent=26625"}],"curies":[{"name":"wp","href":"https:\/\/api.w.org\/{rel}","templated":true}]}}