{"id":25956,"date":"2019-11-21T15:49:08","date_gmt":"2019-11-21T14:49:08","guid":{"rendered":"https:\/\/www.viva-riviera.com\/perche-viva-riviera\/"},"modified":"2019-11-21T15:49:11","modified_gmt":"2019-11-21T14:49:11","slug":"perche-viva-riviera","status":"publish","type":"page","link":"https:\/\/www.viva-riviera.com\/it\/perche-viva-riviera\/","title":{"rendered":"Perch\u00e9 Viva Riviera"},"content":{"rendered":"\t\t<div data-elementor-type=\"wp-page\" data-elementor-id=\"25956\" class=\"elementor elementor-25956 elementor-25951\">\n\t\t\t\t\t\t\t\t\t<section class=\"elementor-section elementor-top-section elementor-element elementor-element-b7fbe33 elementor-hidden-phone elementor-section-boxed elementor-section-height-default elementor-section-height-default\" data-id=\"b7fbe33\" data-element_type=\"section\">\n\t\t\t\t\t\t<div class=\"elementor-container elementor-column-gap-default\">\n\t\t\t\t\t<div class=\"elementor-column elementor-col-100 elementor-top-column elementor-element elementor-element-6d82523\" data-id=\"6d82523\" data-element_type=\"column\">\n\t\t\t<div class=\"elementor-widget-wrap elementor-element-populated\">\n\t\t\t\t\t\t\t\t<div class=\"elementor-element elementor-element-2029c8c elementor-widget elementor-widget-spacer\" data-id=\"2029c8c\" data-element_type=\"widget\" data-widget_type=\"spacer.default\">\n\t\t\t\t<div class=\"elementor-widget-container\">\n\t\t\t\t\t<div class=\"elementor-spacer\">\n\t\t\t<div class=\"elementor-spacer-inner\"><\/div>\n\t\t<\/div>\n\t\t\t\t<\/div>\n\t\t\t\t<\/div>\n\t\t\t\t\t<\/div>\n\t\t<\/div>\n\t\t\t\t\t\t\t<\/div>\n\t\t<\/section>\n\t\t\t\t<section class=\"elementor-section elementor-top-section elementor-element elementor-element-adf5966 elementor-section-boxed elementor-section-height-default elementor-section-height-default\" data-id=\"adf5966\" data-element_type=\"section\">\n\t\t\t\t\t\t<div class=\"elementor-container elementor-column-gap-default\">\n\t\t\t\t\t<div class=\"elementor-column elementor-col-100 elementor-top-column elementor-element elementor-element-65f3f26\" data-id=\"65f3f26\" data-element_type=\"column\">\n\t\t\t<div class=\"elementor-widget-wrap elementor-element-populated\">\n\t\t\t\t\t\t\t\t<div class=\"elementor-element elementor-element-74252cd elementor-widget elementor-widget-text-editor\" data-id=\"74252cd\" data-element_type=\"widget\" data-widget_type=\"text-editor.default\">\n\t\t\t\t<div class=\"elementor-widget-container\">\n\t\t\t\t\t\t\t<h1 style=\"text-align: center;\"><span style=\"color: #808080;\">Perch\u00e9 scegliere Viva-Riviera?<\/span><\/h1>\n<p style=\"text-align: center;\">Il nostro team fa tutto il possibile per garantire che il vostro soggiorno con noi avvenga nelle migliori condizioni.<\/p>\n<p style=\"text-align: center;\">Per rispondere al meglio alle tue domande, ecco una raccolta delle richieste pi\u00f9 frequenti e delle nostre risposte.<\/p>\n<p style=\"text-align: center;\">\n<ul>\n<li><strong><em>Come va il mio check-in? Posso arrivare tardi nella giornata, \u00e8 un problema registrarsi? Come e dove posso ottenere le chiavi dell&#8217;appartamento? <\/em><\/strong><\/li>\n<\/ul>\n<p>Lavoriamo con il <span style=\"color: #0000ff;\"><a style=\"color: #0000ff;\" href=\"https:\/\/www.hotel-leflorian.com\/fr\">Florian Hotel.<\/a><\/span> Questa collaborazione consente di offrire una ricezione 24 ore su 24 ogni giorno. Cos\u00ec troverete sempre qualcuno che vi accolga, vi consigli e vi assista se necessario. La nostra reception si trova vicino ai nostri appartamenti, proprio nel centro di Cannes alle 8 rue du Commandant Andr\u00e9. Tutte le formalit\u00e0 del vostro arrivo si svolgono nello stesso luogo, presso la nostra reception. Potrete ricevere le chiavi del vostro appartamento, incontrare il nostro team ed essere accompagnati all&#8217;appartamento<br \/>In breve, il check-in \u00e8 facile e non ha vincoli in relazione all&#8217;orario di arrivo.<\/p>\n<ul>\n<li><strong><em>Posso avere un servizio di pulizia durante il mio soggiorno? <\/em><\/strong><\/li>\n<\/ul>\n<p>Il nostro team di pulizia si preoccupa del vostro benessere e di preparare il vostro appartamento in funzione del vostro arrivo Il servizio di pulizia \u00e8 acquistabile durante il soggiorno<\/p>\n<ul>\n<li><strong><em>A che ora devo andarmene? Dove posso lasciare le chiavi dell&#8217;appartamento?<\/em><\/strong><\/li>\n<\/ul>\n<p>Al fine di proporre <a href=\"https:\/\/www.viva-riviera.com\/it\/alloggi\/\"><span style=\"color: #0000ff;\">i nostri appartamenti<\/span><\/a> Nelle migliori condizioni, l&#8217;appartamento deve essere liberato prima delle 11:00 del giorno della partenza. \u00c8 possibile lasciare le chiavi presso la reception del Florian Hotel? Se volete godervi la vostra giornata a Cannes, un servizio bagagli gratuito \u00e8 offerto presso il Florian Hotel, il nostro partner, a 8 rue du Commandant Andr\u00e9 a Cannes.<\/p>\n<ul>\n<li><strong><em>Perch\u00e9 scegliere un appartamento sopra un hotel? <\/em><\/strong><\/li>\n<\/ul>\n<p>Vieni a vivere un&#8217;esperienza unica <a href=\"https:\/\/www.viva-riviera.com\/it\/alloggi\/\"><span style=\"color: #0000ff;\">i nostri appartamenti<\/span><\/a> situato nel centro di Cannes, nelle immediate vicinanze del mare e del Palais des Festivals. Sfrutta al massimo il tuo alloggio con la sua cucina completamente attrezzata e prepara deliziosi pasti per farvi godere momenti conviviali con famiglia o amici. Un appartamento \u00e8 anche una soluzione ideale per organizzare una riunione o un incontro con i vostri dipendenti. Inoltre, soggiornare in un appartamento consente di risparmiare sulle outings del ristorante!<\/p>\n<ul>\n<li><strong><em>Quali mezzi di pagamento sono accettati da Viva Riviera? <\/em><\/strong><\/li>\n<\/ul>\n<p>A Viva Riviera, \u00e8 possibile pagare con: Carta Visa, Mastercard, Maestro, bonifico bancario (spese a spese), assegni francesi, buoni vacanza cos\u00ec come in contanti.<\/p>\n<ul>\n<li><strong><em>Cosa posso fare a Cannes? Hai qualche attivit\u00e0 da offrirmi? <\/em><\/strong><\/li>\n<\/ul>\n<p>Viva-Riviera si impegna a condividere il suo territorio con i turisti, i suoi ospiti Per noi, un soggiorno non si ferma all&#8217;alloggio. Ecco perch\u00e9 organizziamo <a href=\"https:\/\/www.viva-riviera.com\/it\/attivita\/\"><span style=\"color: #0000ff;\">Attivit\u00e0<\/span><\/a> per farvi scoprire Cannes e la Costa Azzurra attraverso i nostri occhi! Per ulteriori informazioni, consigli, visita la nostra pagina <span style=\"color: #0000ff;\">Attivit\u00e0<\/span> o <a href=\"https:\/\/www.viva-riviera.com\/it\/contatto\/\"><span style=\"color: #0000ff;\">contattaci.<\/span><\/a><\/p>\n<ul>\n<li><strong><em>Perch\u00e9 scegliere Viva-Riviera? <\/em><\/strong><\/li>\n<\/ul>\n<p>Siamo una societ\u00e0 di affitto di appartamenti situata nel cuore di Cannes. Il team di Viva Riviera \u00e8 un team dinamico con la soddisfazione del cliente come obbiettivo principale. Al fine di garantire la qualit\u00e0 del <a href=\"https:\/\/www.viva-riviera.com\/it\/servizi\/\"><span style=\"color: #0000ff;\">i nostri servizi<\/span><\/a> e <a href=\"https:\/\/www.viva-riviera.com\/it\/alloggi\/\"><span style=\"color: #0000ff;\">i nostri appartamenti,<\/span><\/a>abbiamo aderito alla Carta <a href=\"http:\/\/www.cannes-destination.fr\/\"><span style=\"color: #0000ff;\">Solo Cannes<\/span><\/a> sviluppato dalla citt\u00e0 di Cannes.<\/p>\n<ul>\n<li><strong><em>Hai bisogno di assistenza, consigli durante il tuo soggiorno?<\/em><\/strong><\/li>\n<\/ul>\n<p>La nostra reception si trova a 8 rue du Commandant Andr\u00e9 a Cannes \u00e8 aperta 24 ore al giorno, 7 giorni alla settimana. In questo modo, rimaniamo a vostra disposizione per soddisfare al meglio le vostre esigenze.<\/p>\n<p>Non esitare, prenota il tuo alloggio con noi! Speriamo di darvi il benvenuto molto presto!<\/p>\n<p><img decoding=\"async\" class=\"size-medium wp-image-1532 aligncenter\" src=\"http:\/\/www.viva-riviera.com\/wp-content\/uploads\/2016\/02\/cropped-logo-VR-services-original-300x300.png\" alt=\"\" width=\"300\" height=\"300\"><\/p>\n\t\t\t\t\t\t<\/div>\n\t\t\t\t<\/div>\n\t\t\t\t\t<\/div>\n\t\t<\/div>\n\t\t\t\t\t\t\t<\/div>\n\t\t<\/section>\n\t\t\t\t\t\t\t<\/div>\n\t\t","protected":false},"excerpt":{"rendered":"<p>Perch\u00e9 scegliere Viva-Riviera? Il nostro team fa tutto il possibile per garantire che il vostro soggiorno con noi avvenga nelle migliori condizioni. Per rispondere al meglio alle tue domande, ecco una raccolta delle richieste pi\u00f9 frequenti e delle nostre risposte. Come va il mio check-in?&#8230;<\/p>\n","protected":false},"author":2,"featured_media":0,"parent":0,"menu_order":0,"comment_status":"closed","ping_status":"closed","template":"elementor_header_footer","meta":{"_exactmetrics_skip_tracking":false,"_exactmetrics_sitenote_active":false,"_exactmetrics_sitenote_note":"","_exactmetrics_sitenote_category":0},"yoast_head":"<!-- This site is optimized with the Yoast SEO plugin v21.8.1 - https:\/\/yoast.com\/wordpress\/plugins\/seo\/ -->\n<title>Perch\u00e9 Viva Riviera - Viva Riviera<\/title>\n<meta name=\"robots\" content=\"index, follow, max-snippet:-1, max-image-preview:large, max-video-preview:-1\" \/>\n<link rel=\"canonical\" href=\"https:\/\/www.viva-riviera.com\/it\/perche-viva-riviera\/\" \/>\n<meta property=\"og:locale\" content=\"it_IT\" \/>\n<meta property=\"og:type\" content=\"article\" \/>\n<meta property=\"og:title\" content=\"Perch\u00e9 Viva Riviera - Viva Riviera\" \/>\n<meta property=\"og:description\" content=\"Perch\u00e9 scegliere Viva-Riviera? Il nostro team fa tutto il possibile per garantire che il vostro soggiorno con noi avvenga nelle migliori condizioni. Per rispondere al meglio alle tue domande, ecco una raccolta delle richieste pi\u00f9 frequenti e delle nostre risposte. Come va il mio check-in?...\" \/>\n<meta property=\"og:url\" content=\"https:\/\/www.viva-riviera.com\/it\/perche-viva-riviera\/\" \/>\n<meta property=\"og:site_name\" content=\"Viva Riviera\" \/>\n<meta property=\"article:publisher\" content=\"https:\/\/www.facebook.com\/vivariviera\" \/>\n<meta property=\"article:modified_time\" content=\"2019-11-21T14:49:11+00:00\" \/>\n<meta property=\"og:image\" content=\"http:\/\/www.viva-riviera.com\/wp-content\/uploads\/2016\/02\/cropped-logo-VR-services-original-300x300.png\" \/>\n<meta name=\"twitter:card\" content=\"summary_large_image\" \/>\n<meta name=\"twitter:site\" content=\"@Viva_Riviera\" \/>\n<meta name=\"twitter:label1\" content=\"Tempo di lettura stimato\" \/>\n\t<meta name=\"twitter:data1\" content=\"3 minuti\" \/>\n<script type=\"application\/ld+json\" class=\"yoast-schema-graph\">{\"@context\":\"https:\/\/schema.org\",\"@graph\":[{\"@type\":\"WebPage\",\"@id\":\"https:\/\/www.viva-riviera.com\/it\/perche-viva-riviera\/\",\"url\":\"https:\/\/www.viva-riviera.com\/it\/perche-viva-riviera\/\",\"name\":\"Perch\u00e9 Viva Riviera - Viva Riviera\",\"isPartOf\":{\"@id\":\"https:\/\/www.viva-riviera.com\/it\/#website\"},\"datePublished\":\"2019-11-21T14:49:08+00:00\",\"dateModified\":\"2019-11-21T14:49:11+00:00\",\"breadcrumb\":{\"@id\":\"https:\/\/www.viva-riviera.com\/it\/perche-viva-riviera\/#breadcrumb\"},\"inLanguage\":\"it-IT\",\"potentialAction\":[{\"@type\":\"ReadAction\",\"target\":[\"https:\/\/www.viva-riviera.com\/it\/perche-viva-riviera\/\"]}]},{\"@type\":\"BreadcrumbList\",\"@id\":\"https:\/\/www.viva-riviera.com\/it\/perche-viva-riviera\/#breadcrumb\",\"itemListElement\":[{\"@type\":\"ListItem\",\"position\":1,\"name\":\"Accueil\",\"item\":\"https:\/\/www.viva-riviera.com\/it\/benvenuto\/\"},{\"@type\":\"ListItem\",\"position\":2,\"name\":\"Perch\u00e9 Viva Riviera\"}]},{\"@type\":\"WebSite\",\"@id\":\"https:\/\/www.viva-riviera.com\/it\/#website\",\"url\":\"https:\/\/www.viva-riviera.com\/it\/\",\"name\":\"Viva Riviera\",\"description\":\"Location saisonni\u00e8re \u00e0 Cannes\",\"potentialAction\":[{\"@type\":\"SearchAction\",\"target\":{\"@type\":\"EntryPoint\",\"urlTemplate\":\"https:\/\/www.viva-riviera.com\/it\/?s={search_term_string}\"},\"query-input\":\"required name=search_term_string\"}],\"inLanguage\":\"it-IT\"}]}<\/script>\n<!-- \/ Yoast SEO plugin. -->","yoast_head_json":{"title":"Perch\u00e9 Viva Riviera - Viva Riviera","robots":{"index":"index","follow":"follow","max-snippet":"max-snippet:-1","max-image-preview":"max-image-preview:large","max-video-preview":"max-video-preview:-1"},"canonical":"https:\/\/www.viva-riviera.com\/it\/perche-viva-riviera\/","og_locale":"it_IT","og_type":"article","og_title":"Perch\u00e9 Viva Riviera - Viva Riviera","og_description":"Perch\u00e9 scegliere Viva-Riviera? Il nostro team fa tutto il possibile per garantire che il vostro soggiorno con noi avvenga nelle migliori condizioni. Per rispondere al meglio alle tue domande, ecco una raccolta delle richieste pi\u00f9 frequenti e delle nostre risposte. Come va il mio check-in?...","og_url":"https:\/\/www.viva-riviera.com\/it\/perche-viva-riviera\/","og_site_name":"Viva Riviera","article_publisher":"https:\/\/www.facebook.com\/vivariviera","article_modified_time":"2019-11-21T14:49:11+00:00","og_image":[{"url":"http:\/\/www.viva-riviera.com\/wp-content\/uploads\/2016\/02\/cropped-logo-VR-services-original-300x300.png"}],"twitter_card":"summary_large_image","twitter_site":"@Viva_Riviera","twitter_misc":{"Tempo di lettura stimato":"3 minuti"},"schema":{"@context":"https:\/\/schema.org","@graph":[{"@type":"WebPage","@id":"https:\/\/www.viva-riviera.com\/it\/perche-viva-riviera\/","url":"https:\/\/www.viva-riviera.com\/it\/perche-viva-riviera\/","name":"Perch\u00e9 Viva Riviera - Viva Riviera","isPartOf":{"@id":"https:\/\/www.viva-riviera.com\/it\/#website"},"datePublished":"2019-11-21T14:49:08+00:00","dateModified":"2019-11-21T14:49:11+00:00","breadcrumb":{"@id":"https:\/\/www.viva-riviera.com\/it\/perche-viva-riviera\/#breadcrumb"},"inLanguage":"it-IT","potentialAction":[{"@type":"ReadAction","target":["https:\/\/www.viva-riviera.com\/it\/perche-viva-riviera\/"]}]},{"@type":"BreadcrumbList","@id":"https:\/\/www.viva-riviera.com\/it\/perche-viva-riviera\/#breadcrumb","itemListElement":[{"@type":"ListItem","position":1,"name":"Accueil","item":"https:\/\/www.viva-riviera.com\/it\/benvenuto\/"},{"@type":"ListItem","position":2,"name":"Perch\u00e9 Viva Riviera"}]},{"@type":"WebSite","@id":"https:\/\/www.viva-riviera.com\/it\/#website","url":"https:\/\/www.viva-riviera.com\/it\/","name":"Viva Riviera","description":"Location saisonni\u00e8re \u00e0 Cannes","potentialAction":[{"@type":"SearchAction","target":{"@type":"EntryPoint","urlTemplate":"https:\/\/www.viva-riviera.com\/it\/?s={search_term_string}"},"query-input":"required name=search_term_string"}],"inLanguage":"it-IT"}]}},"_links":{"self":[{"href":"https:\/\/www.viva-riviera.com\/it\/wp-json\/wp\/v2\/pages\/25956"}],"collection":[{"href":"https:\/\/www.viva-riviera.com\/it\/wp-json\/wp\/v2\/pages"}],"about":[{"href":"https:\/\/www.viva-riviera.com\/it\/wp-json\/wp\/v2\/types\/page"}],"author":[{"embeddable":true,"href":"https:\/\/www.viva-riviera.com\/it\/wp-json\/wp\/v2\/users\/2"}],"replies":[{"embeddable":true,"href":"https:\/\/www.viva-riviera.com\/it\/wp-json\/wp\/v2\/comments?post=25956"}],"version-history":[{"count":4,"href":"https:\/\/www.viva-riviera.com\/it\/wp-json\/wp\/v2\/pages\/25956\/revisions"}],"predecessor-version":[{"id":25960,"href":"https:\/\/www.viva-riviera.com\/it\/wp-json\/wp\/v2\/pages\/25956\/revisions\/25960"}],"wp:attachment":[{"href":"https:\/\/www.viva-riviera.com\/it\/wp-json\/wp\/v2\/media?parent=25956"}],"curies":[{"name":"wp","href":"https:\/\/api.w.org\/{rel}","templated":true}]}}