{"id":25938,"date":"2019-11-21T15:39:38","date_gmt":"2019-11-21T14:39:38","guid":{"rendered":"https:\/\/www.viva-riviera.com\/proprietari\/"},"modified":"2019-11-21T15:39:41","modified_gmt":"2019-11-21T14:39:41","slug":"proprietari","status":"publish","type":"page","link":"https:\/\/www.viva-riviera.com\/it\/proprietari\/","title":{"rendered":"Proprietari"},"content":{"rendered":"\t\t<div data-elementor-type=\"wp-page\" data-elementor-id=\"25938\" class=\"elementor elementor-25938 elementor-25929\">\n\t\t\t\t\t\t\t\t\t<section class=\"elementor-section elementor-top-section elementor-element elementor-element-8e2e280 elementor-section-boxed elementor-section-height-default elementor-section-height-default\" data-id=\"8e2e280\" data-element_type=\"section\">\n\t\t\t\t\t\t<div class=\"elementor-container elementor-column-gap-default\">\n\t\t\t\t\t<div class=\"elementor-column elementor-col-100 elementor-top-column elementor-element elementor-element-98ba0d7\" data-id=\"98ba0d7\" data-element_type=\"column\">\n\t\t\t<div class=\"elementor-widget-wrap elementor-element-populated\">\n\t\t\t\t\t\t\t\t<div class=\"elementor-element elementor-element-0ac26e5 elementor-hidden-phone elementor-widget elementor-widget-spacer\" data-id=\"0ac26e5\" data-element_type=\"widget\" data-widget_type=\"spacer.default\">\n\t\t\t\t<div class=\"elementor-widget-container\">\n\t\t\t\t\t<div class=\"elementor-spacer\">\n\t\t\t<div class=\"elementor-spacer-inner\"><\/div>\n\t\t<\/div>\n\t\t\t\t<\/div>\n\t\t\t\t<\/div>\n\t\t\t\t\t<\/div>\n\t\t<\/div>\n\t\t\t\t\t\t\t<\/div>\n\t\t<\/section>\n\t\t\t\t<section class=\"elementor-section elementor-top-section elementor-element elementor-element-12efdd8 elementor-section-boxed elementor-section-height-default elementor-section-height-default\" data-id=\"12efdd8\" data-element_type=\"section\">\n\t\t\t\t\t\t<div class=\"elementor-container elementor-column-gap-default\">\n\t\t\t\t\t<div class=\"elementor-column elementor-col-100 elementor-top-column elementor-element elementor-element-92b66e7\" data-id=\"92b66e7\" data-element_type=\"column\">\n\t\t\t<div class=\"elementor-widget-wrap elementor-element-populated\">\n\t\t\t\t\t\t\t\t<div class=\"elementor-element elementor-element-44ab3bf elementor-widget elementor-widget-text-editor\" data-id=\"44ab3bf\" data-element_type=\"widget\" data-widget_type=\"text-editor.default\">\n\t\t\t\t<div class=\"elementor-widget-container\">\n\t\t\t\t\t\t\t<h3 style=\"text-align: center;\"><span style=\"color: #808080;\">Sei un proprietario e vuoi affittare la tua propriet\u00e0?<\/span><\/h3>\n<p>Non esitate a <a href=\"http:\/\/www.viva-riviera.com\/contact\/\"><span style=\"color: #3366ff;\">contattarci!<\/span> <span style=\"color: #3366ff;\"><\/span><\/a> Siamo alla ricerca di appartamenti e ville nelle Alpi Marittime. Al fine di stimare al meglio la vostra propriet\u00e0, prendiamo un appuntamento con voi per visitare il vostro alloggio.<\/p>\n<p>Fidati di noi, forniamo <a href=\"https:\/\/www.viva-riviera.com\/it\/servizi\/\"><span style=\"color: #3366ff;\">servizi<\/span><\/a> unici dedicati ai nostri proprietari:<\/p>\n<ul>\n<li style=\"list-style-type: none;\">\n<ul>\n<li style=\"list-style-type: none;\">\n<ul>\n<li>Garantiamo la manutenzione regolare del vostro alloggio al fine di mantenerlo in buone condizioni. Il nostro servizio di pulizia viene utilizzato quando i nostri clienti arrivano e partono. Cos\u00ec, il vostro alloggio rimane pulito e disponibile per voi al di fuori dei periodi di noleggio.<\/li>\n<li>Offriamo un servizio di home staging per affittare il tuo alloggio nel miglior modo possibile e corrispondere alle esigenze dei nostri clienti. Cos\u00ec, possiamo consigliarvi nella vostra decorazione e follow-up durante il lavoro del vostro alloggio.<\/li>\n<li>Grazie al nostro know-how e servizi di distribuzione tramite piattaforme internet, possiamo facilmente affittare il tuo appartamento.<\/li>\n<\/ul>\n<\/li>\n<\/ul>\n<\/li>\n<\/ul>\n<p>In realt\u00e0, affittare la vostra propriet\u00e0 con noi \u00e8 la garanzia di godere il vostro alloggio completamente, guadagnando soldi.<\/p>\n\t\t\t\t\t\t<\/div>\n\t\t\t\t<\/div>\n\t\t\t\t\t<\/div>\n\t\t<\/div>\n\t\t\t\t\t\t\t<\/div>\n\t\t<\/section>\n\t\t\t\t\t\t\t<\/div>\n\t\t","protected":false},"excerpt":{"rendered":"<p>Sei un proprietario e vuoi affittare la tua propriet\u00e0? Non esitate a contattarci! Siamo alla ricerca di appartamenti e ville nelle Alpi Marittime. Al fine di stimare al meglio la vostra propriet\u00e0, prendiamo un appuntamento con voi per visitare il vostro alloggio. Fidati di noi,&#8230;<\/p>\n","protected":false},"author":2,"featured_media":0,"parent":0,"menu_order":0,"comment_status":"closed","ping_status":"closed","template":"elementor_header_footer","meta":{"_exactmetrics_skip_tracking":false,"_exactmetrics_sitenote_active":false,"_exactmetrics_sitenote_note":"","_exactmetrics_sitenote_category":0},"yoast_head":"<!-- This site is optimized with the Yoast SEO plugin v21.8.1 - https:\/\/yoast.com\/wordpress\/plugins\/seo\/ -->\n<title>Proprietari - Viva Riviera<\/title>\n<meta name=\"robots\" content=\"index, follow, max-snippet:-1, max-image-preview:large, max-video-preview:-1\" \/>\n<link rel=\"canonical\" href=\"https:\/\/www.viva-riviera.com\/it\/proprietari\/\" \/>\n<meta property=\"og:locale\" content=\"it_IT\" \/>\n<meta property=\"og:type\" content=\"article\" \/>\n<meta property=\"og:title\" content=\"Proprietari - Viva Riviera\" \/>\n<meta property=\"og:description\" content=\"Sei un proprietario e vuoi affittare la tua propriet\u00e0? Non esitate a contattarci! Siamo alla ricerca di appartamenti e ville nelle Alpi Marittime. Al fine di stimare al meglio la vostra propriet\u00e0, prendiamo un appuntamento con voi per visitare il vostro alloggio. Fidati di noi,...\" \/>\n<meta property=\"og:url\" content=\"https:\/\/www.viva-riviera.com\/it\/proprietari\/\" \/>\n<meta property=\"og:site_name\" content=\"Viva Riviera\" \/>\n<meta property=\"article:publisher\" content=\"https:\/\/www.facebook.com\/vivariviera\" \/>\n<meta property=\"article:modified_time\" content=\"2019-11-21T14:39:41+00:00\" \/>\n<meta name=\"twitter:card\" content=\"summary_large_image\" \/>\n<meta name=\"twitter:site\" content=\"@Viva_Riviera\" \/>\n<meta name=\"twitter:label1\" content=\"Tempo di lettura stimato\" \/>\n\t<meta name=\"twitter:data1\" content=\"1 minuto\" \/>\n<script type=\"application\/ld+json\" class=\"yoast-schema-graph\">{\"@context\":\"https:\/\/schema.org\",\"@graph\":[{\"@type\":\"WebPage\",\"@id\":\"https:\/\/www.viva-riviera.com\/it\/proprietari\/\",\"url\":\"https:\/\/www.viva-riviera.com\/it\/proprietari\/\",\"name\":\"Proprietari - Viva Riviera\",\"isPartOf\":{\"@id\":\"https:\/\/www.viva-riviera.com\/it\/#website\"},\"datePublished\":\"2019-11-21T14:39:38+00:00\",\"dateModified\":\"2019-11-21T14:39:41+00:00\",\"breadcrumb\":{\"@id\":\"https:\/\/www.viva-riviera.com\/it\/proprietari\/#breadcrumb\"},\"inLanguage\":\"it-IT\",\"potentialAction\":[{\"@type\":\"ReadAction\",\"target\":[\"https:\/\/www.viva-riviera.com\/it\/proprietari\/\"]}]},{\"@type\":\"BreadcrumbList\",\"@id\":\"https:\/\/www.viva-riviera.com\/it\/proprietari\/#breadcrumb\",\"itemListElement\":[{\"@type\":\"ListItem\",\"position\":1,\"name\":\"Accueil\",\"item\":\"https:\/\/www.viva-riviera.com\/it\/benvenuto\/\"},{\"@type\":\"ListItem\",\"position\":2,\"name\":\"Proprietari\"}]},{\"@type\":\"WebSite\",\"@id\":\"https:\/\/www.viva-riviera.com\/it\/#website\",\"url\":\"https:\/\/www.viva-riviera.com\/it\/\",\"name\":\"Viva Riviera\",\"description\":\"Location saisonni\u00e8re \u00e0 Cannes\",\"potentialAction\":[{\"@type\":\"SearchAction\",\"target\":{\"@type\":\"EntryPoint\",\"urlTemplate\":\"https:\/\/www.viva-riviera.com\/it\/?s={search_term_string}\"},\"query-input\":\"required name=search_term_string\"}],\"inLanguage\":\"it-IT\"}]}<\/script>\n<!-- \/ Yoast SEO plugin. -->","yoast_head_json":{"title":"Proprietari - Viva Riviera","robots":{"index":"index","follow":"follow","max-snippet":"max-snippet:-1","max-image-preview":"max-image-preview:large","max-video-preview":"max-video-preview:-1"},"canonical":"https:\/\/www.viva-riviera.com\/it\/proprietari\/","og_locale":"it_IT","og_type":"article","og_title":"Proprietari - Viva Riviera","og_description":"Sei un proprietario e vuoi affittare la tua propriet\u00e0? Non esitate a contattarci! Siamo alla ricerca di appartamenti e ville nelle Alpi Marittime. Al fine di stimare al meglio la vostra propriet\u00e0, prendiamo un appuntamento con voi per visitare il vostro alloggio. Fidati di noi,...","og_url":"https:\/\/www.viva-riviera.com\/it\/proprietari\/","og_site_name":"Viva Riviera","article_publisher":"https:\/\/www.facebook.com\/vivariviera","article_modified_time":"2019-11-21T14:39:41+00:00","twitter_card":"summary_large_image","twitter_site":"@Viva_Riviera","twitter_misc":{"Tempo di lettura stimato":"1 minuto"},"schema":{"@context":"https:\/\/schema.org","@graph":[{"@type":"WebPage","@id":"https:\/\/www.viva-riviera.com\/it\/proprietari\/","url":"https:\/\/www.viva-riviera.com\/it\/proprietari\/","name":"Proprietari - Viva Riviera","isPartOf":{"@id":"https:\/\/www.viva-riviera.com\/it\/#website"},"datePublished":"2019-11-21T14:39:38+00:00","dateModified":"2019-11-21T14:39:41+00:00","breadcrumb":{"@id":"https:\/\/www.viva-riviera.com\/it\/proprietari\/#breadcrumb"},"inLanguage":"it-IT","potentialAction":[{"@type":"ReadAction","target":["https:\/\/www.viva-riviera.com\/it\/proprietari\/"]}]},{"@type":"BreadcrumbList","@id":"https:\/\/www.viva-riviera.com\/it\/proprietari\/#breadcrumb","itemListElement":[{"@type":"ListItem","position":1,"name":"Accueil","item":"https:\/\/www.viva-riviera.com\/it\/benvenuto\/"},{"@type":"ListItem","position":2,"name":"Proprietari"}]},{"@type":"WebSite","@id":"https:\/\/www.viva-riviera.com\/it\/#website","url":"https:\/\/www.viva-riviera.com\/it\/","name":"Viva Riviera","description":"Location saisonni\u00e8re \u00e0 Cannes","potentialAction":[{"@type":"SearchAction","target":{"@type":"EntryPoint","urlTemplate":"https:\/\/www.viva-riviera.com\/it\/?s={search_term_string}"},"query-input":"required name=search_term_string"}],"inLanguage":"it-IT"}]}},"_links":{"self":[{"href":"https:\/\/www.viva-riviera.com\/it\/wp-json\/wp\/v2\/pages\/25938"}],"collection":[{"href":"https:\/\/www.viva-riviera.com\/it\/wp-json\/wp\/v2\/pages"}],"about":[{"href":"https:\/\/www.viva-riviera.com\/it\/wp-json\/wp\/v2\/types\/page"}],"author":[{"embeddable":true,"href":"https:\/\/www.viva-riviera.com\/it\/wp-json\/wp\/v2\/users\/2"}],"replies":[{"embeddable":true,"href":"https:\/\/www.viva-riviera.com\/it\/wp-json\/wp\/v2\/comments?post=25938"}],"version-history":[{"count":2,"href":"https:\/\/www.viva-riviera.com\/it\/wp-json\/wp\/v2\/pages\/25938\/revisions"}],"predecessor-version":[{"id":25940,"href":"https:\/\/www.viva-riviera.com\/it\/wp-json\/wp\/v2\/pages\/25938\/revisions\/25940"}],"wp:attachment":[{"href":"https:\/\/www.viva-riviera.com\/it\/wp-json\/wp\/v2\/media?parent=25938"}],"curies":[{"name":"wp","href":"https:\/\/api.w.org\/{rel}","templated":true}]}}