{"id":24123,"date":"2019-11-13T15:34:20","date_gmt":"2019-11-13T14:34:20","guid":{"rendered":"https:\/\/www.viva-riviera.com\/a-proposito\/"},"modified":"2019-11-13T15:34:22","modified_gmt":"2019-11-13T14:34:22","slug":"a-proposito","status":"publish","type":"page","link":"https:\/\/www.viva-riviera.com\/it\/a-proposito\/","title":{"rendered":"A proposito"},"content":{"rendered":"\t\t<div data-elementor-type=\"wp-post\" data-elementor-id=\"24123\" class=\"elementor elementor-24123 elementor-24045\">\n\t\t\t\t\t\t\t\t\t<section class=\"elementor-section elementor-top-section elementor-element elementor-element-1aff0e7e elementor-section-boxed elementor-section-height-default elementor-section-height-default\" data-id=\"1aff0e7e\" data-element_type=\"section\">\n\t\t\t\t\t\t<div class=\"elementor-container elementor-column-gap-default\">\n\t\t\t\t\t<div class=\"elementor-column elementor-col-100 elementor-top-column elementor-element elementor-element-5d97f966\" data-id=\"5d97f966\" data-element_type=\"column\">\n\t\t\t<div class=\"elementor-widget-wrap elementor-element-populated\">\n\t\t\t\t\t\t\t\t<div class=\"elementor-element elementor-element-9502e59 elementor-widget elementor-widget-spacer\" data-id=\"9502e59\" data-element_type=\"widget\" data-widget_type=\"spacer.default\">\n\t\t\t\t<div class=\"elementor-widget-container\">\n\t\t\t\t\t<div class=\"elementor-spacer\">\n\t\t\t<div class=\"elementor-spacer-inner\"><\/div>\n\t\t<\/div>\n\t\t\t\t<\/div>\n\t\t\t\t<\/div>\n\t\t\t\t<div class=\"elementor-element elementor-element-b074ccd elementor-widget elementor-widget-heading\" data-id=\"b074ccd\" data-element_type=\"widget\" data-widget_type=\"heading.default\">\n\t\t\t\t<div class=\"elementor-widget-container\">\n\t\t\t<h2 class=\"elementor-heading-title elementor-size-default\"><span style=\"margin-top: 25px; margin-bottom: 25px; line-height: 1.3em; white-space: normal; text-align: center;\">La nostra identit\u00e0<\/span><\/h2>\t\t<\/div>\n\t\t\t\t<\/div>\n\t\t\t\t<div class=\"elementor-element elementor-element-e456582 elementor-widget elementor-widget-image\" data-id=\"e456582\" data-element_type=\"widget\" data-widget_type=\"image.default\">\n\t\t\t\t<div class=\"elementor-widget-container\">\n\t\t\t\t\t\t\t\t\t\t\t\t\t\t\t<img decoding=\"async\" width=\"1024\" height=\"526\" src=\"https:\/\/www.viva-riviera.com\/wp-content\/uploads\/2019\/09\/A-propos-1-1024x526.png\" class=\"attachment-large size-large wp-image-11153\" alt=\"location appartements exp\u00e9riences cannes\" srcset=\"https:\/\/www.viva-riviera.com\/wp-content\/uploads\/2019\/09\/A-propos-1-1024x526.png 1024w, https:\/\/www.viva-riviera.com\/wp-content\/uploads\/2019\/09\/A-propos-1-300x154.png 300w, https:\/\/www.viva-riviera.com\/wp-content\/uploads\/2019\/09\/A-propos-1-768x394.png 768w, https:\/\/www.viva-riviera.com\/wp-content\/uploads\/2019\/09\/A-propos-1.png 1500w\" sizes=\"(max-width: 1024px) 100vw, 1024px\" \/>\t\t\t\t\t\t\t\t\t\t\t\t\t\t\t<\/div>\n\t\t\t\t<\/div>\n\t\t\t\t<div class=\"elementor-element elementor-element-8ab53a6 elementor-widget elementor-widget-text-editor\" data-id=\"8ab53a6\" data-element_type=\"widget\" data-widget_type=\"text-editor.default\">\n\t\t\t\t<div class=\"elementor-widget-container\">\n\t\t\t\t\t\t\t<p>Siamo una societ\u00e0 di affitto di appartamenti situata nel cuore di Cannes.<\/p>\n<p>Il team di Viva Riviera ha una personalit\u00e0 giovane e dinamica e un know-how familiare dal 1929.<\/p>\n<p>L&#8217;accoglienza, la cordialit\u00e0 e la conoscenza del dipartimento delle Alpi Marittime sono le qualit\u00e0 del nostro marchio.<\/p>\n\t\t\t\t\t\t<\/div>\n\t\t\t\t<\/div>\n\t\t\t\t<div class=\"elementor-element elementor-element-83ec8fc elementor-widget elementor-widget-heading\" data-id=\"83ec8fc\" data-element_type=\"widget\" data-widget_type=\"heading.default\">\n\t\t\t\t<div class=\"elementor-widget-container\">\n\t\t\t<h2 class=\"elementor-heading-title elementor-size-default\"><span style=\"white-space: normal;\">I nostri valori<\/span><\/h2>\t\t<\/div>\n\t\t\t\t<\/div>\n\t\t\t\t<div class=\"elementor-element elementor-element-38f4272 elementor-widget elementor-widget-text-editor\" data-id=\"38f4272\" data-element_type=\"widget\" data-widget_type=\"text-editor.default\">\n\t\t\t\t<div class=\"elementor-widget-container\">\n\t\t\t\t\t\t\t<ul>\n<li><strong>Fiducia:<\/strong> promuoviamo la totale trasparenza nel nostro rapporto con clienti e propriet\u00e0.<\/li>\n<li><strong>Discrezione:<\/strong> soggiornare in pace e fiducia nei nostri appartamenti<\/li>\n<li><strong>Condivisione:<\/strong> offriamo esperienze di vita per far conoscere il nostro territorio, la Costa Azzurra<\/li>\n<li>Piacere di <strong>benvenuto:<\/strong> il nostro team \u00e8 al centro di rendere il vostro soggiorno indimenticabile<\/li>\n<li><strong>Comportamento eco-responsabile:<\/strong> Ci impegniamo a preservare e promuovere il nostro territorio. Cos\u00ec, abbiamo scelto di rispettare la carta unica di Cannes nell&#8217;interesse dell&#8217;etica, dell&#8217;affidabilit\u00e0 e della ricerca della qualit\u00e0 del servizio.<\/li>\n<li><strong>Prossimit\u00e0:<\/strong> Un ricevimento 24\/7 vicino ad appartamenti e alloggi nel cuore del centro di Cannes.<\/li>\n<li><strong>Professionalit\u00e0:<\/strong> Un team serio e rigoroso che ascolta i propri clienti.<\/li>\n<li><strong>Requisito:<\/strong> rigoroso controllo dei nostri appartamenti per soddisfare le esigenze e soddisfare i nostri clienti. All&#8217;arrivo: un appartamento pulito, lenzuola e asciugamani forniti in modo da poter godere il vostro soggiorno immediatamente.<\/li>\n<\/ul>\n<p>Infatti, soggiornare presso The Viva Riviera \u00e8 il modo perfetto per godersi i servizi di un hotel preservando la sua indipendenza.<\/p>\n\t\t\t\t\t\t<\/div>\n\t\t\t\t<\/div>\n\t\t\t\t<div class=\"elementor-element elementor-element-2e42713 elementor-widget elementor-widget-heading\" data-id=\"2e42713\" data-element_type=\"widget\" data-widget_type=\"heading.default\">\n\t\t\t\t<div class=\"elementor-widget-container\">\n\t\t\t<h2 class=\"elementor-heading-title elementor-size-default\"><span style=\"white-space: normal;\">contattaci!<\/span><\/h2>\t\t<\/div>\n\t\t\t\t<\/div>\n\t\t\t\t<div class=\"elementor-element elementor-element-3a617e4 elementor-widget elementor-widget-text-editor\" data-id=\"3a617e4\" data-element_type=\"widget\" data-widget_type=\"text-editor.default\">\n\t\t\t\t<div class=\"elementor-widget-container\">\n\t\t\t\t\t\t\t<div><strong><img decoding=\"async\" class=\"wp-image-11154 size-thumbnail alignleft\" src=\"https:\/\/www.viva-riviera.com\/wp-content\/uploads\/2019\/09\/logo-VR-services-original-150x150.png\" alt=\"\" width=\"150\" height=\"150\" srcset=\"https:\/\/www.viva-riviera.com\/wp-content\/uploads\/2019\/09\/logo-VR-services-original-150x150.png 150w, https:\/\/www.viva-riviera.com\/wp-content\/uploads\/2019\/09\/logo-VR-services-original-300x300.png 300w, https:\/\/www.viva-riviera.com\/wp-content\/uploads\/2019\/09\/logo-VR-services-original-768x768.png 768w, https:\/\/www.viva-riviera.com\/wp-content\/uploads\/2019\/09\/logo-VR-services-original-1024x1024.png 1024w, https:\/\/www.viva-riviera.com\/wp-content\/uploads\/2019\/09\/logo-VR-services-original-550x550.png 550w, https:\/\/www.viva-riviera.com\/wp-content\/uploads\/2019\/09\/logo-VR-services-original-1000x1000.png 1000w\" sizes=\"(max-width: 150px) 100vw, 150px\" \/><\/strong><\/div>\n<div><strong> <\/strong><\/div>\n<div><strong> <\/strong><\/div>\n<div><strong> <\/strong><\/div>\n<div><strong> <\/strong><\/div>\n<div><strong> <\/strong><\/div>\n<div><strong> <\/strong><\/div>\n<div><strong> <\/strong><\/div>\n<div><strong> <\/strong><\/div>\n<div><strong>Indirizzo:<\/strong> 10 rue Commandant Andr\u00e9 &#8211; 06400 Cannes<\/div>\n<p><strong>Tel:<\/strong> 33 (0)9 86 37 50 29 o 33 (0)4 93 39 24 82<\/p>\n<p><strong>E-mail:<\/strong> <a href=\"mailto:contact@viva-riviera.com\">contact@viva-riviera.com<\/a><\/p>\n<p><a href=\"https:\/\/www.facebook.com\/vivariviera\"><img decoding=\"async\" class=\"size-full wp-image-2634 alignleft\" src=\"http:\/\/vivarivijv.cluster017.ovh.net\/wp-content\/uploads\/2017\/07\/if_facebook.png\" alt=\"\" width=\"32\" height=\"32\"><\/a><\/p>\n<p><a href=\"https:\/\/twitter.com\/Viva_Riviera\"><img decoding=\"async\" class=\"size-medium wp-image-2636 alignleft\" src=\"http:\/\/vivarivijv.cluster017.ovh.net\/wp-content\/uploads\/2017\/07\/if_twitter_1279054.png\" alt=\"\" width=\"32\" height=\"32\"><\/a><\/p>\n<p><a href=\"https:\/\/www.instagram.com\/viva.riviera\/\"><img decoding=\"async\" class=\"size-medium wp-image-2635 alignleft\" src=\"http:\/\/vivarivijv.cluster017.ovh.net\/wp-content\/uploads\/2017\/07\/if_instagram_2362135.png\" alt=\"\" width=\"32\" height=\"32\"><\/a><\/p>\n<p>Oppure sulla nostra pagina di contatto: <a href=\"http:\/\/vivarivijv.cluster017.ovh.net\/contact\/\">Contattaci<\/a><\/p>\n\t\t\t\t\t\t<\/div>\n\t\t\t\t<\/div>\n\t\t\t\t\t<\/div>\n\t\t<\/div>\n\t\t\t\t\t\t\t<\/div>\n\t\t<\/section>\n\t\t\t\t\t\t\t<\/div>\n\t\t","protected":false},"excerpt":{"rendered":"<p>La nostra identit\u00e0 Siamo una societ\u00e0 di affitto di appartamenti situata nel cuore di Cannes. Il team di Viva Riviera ha una personalit\u00e0 giovane e dinamica e un know-how familiare dal 1929. L&#8217;accoglienza, la cordialit\u00e0 e la conoscenza del dipartimento delle Alpi Marittime sono le&#8230;<\/p>\n","protected":false},"author":2,"featured_media":0,"parent":0,"menu_order":0,"comment_status":"closed","ping_status":"closed","template":"elementor_header_footer","meta":{"_exactmetrics_skip_tracking":false,"_exactmetrics_sitenote_active":false,"_exactmetrics_sitenote_note":"","_exactmetrics_sitenote_category":0},"yoast_head":"<!-- This site is optimized with the Yoast SEO plugin v21.8.1 - https:\/\/yoast.com\/wordpress\/plugins\/seo\/ -->\n<title>A proposito - Viva Riviera Appartamento in affitto ed esperienze a Cannes<\/title>\n<meta name=\"description\" content=\"Ecco una presentazione di Viva Riviera, il suo team e come entrare in contatto. Se hai bisogno di informazioni, contattaci\" \/>\n<meta name=\"robots\" content=\"index, follow, max-snippet:-1, max-image-preview:large, max-video-preview:-1\" \/>\n<link rel=\"canonical\" href=\"https:\/\/www.viva-riviera.com\/it\/a-proposito\/\" \/>\n<meta property=\"og:locale\" content=\"it_IT\" \/>\n<meta property=\"og:type\" content=\"article\" \/>\n<meta property=\"og:title\" content=\"A proposito - Viva Riviera Appartamento in affitto ed esperienze a Cannes\" \/>\n<meta property=\"og:description\" content=\"Ecco una presentazione di Viva Riviera, il suo team e come entrare in contatto. Se hai bisogno di informazioni, contattaci\" \/>\n<meta property=\"og:url\" content=\"https:\/\/www.viva-riviera.com\/it\/a-proposito\/\" \/>\n<meta property=\"og:site_name\" content=\"Viva Riviera\" \/>\n<meta property=\"article:publisher\" content=\"https:\/\/www.facebook.com\/vivariviera\" \/>\n<meta property=\"article:modified_time\" content=\"2019-11-13T14:34:22+00:00\" \/>\n<meta property=\"og:image\" content=\"https:\/\/www.viva-riviera.com\/wp-content\/uploads\/2019\/09\/A-propos-1-1024x526.png\" \/>\n<meta name=\"twitter:card\" content=\"summary_large_image\" \/>\n<meta name=\"twitter:site\" content=\"@Viva_Riviera\" \/>\n<meta name=\"twitter:label1\" content=\"Tempo di lettura stimato\" \/>\n\t<meta name=\"twitter:data1\" content=\"1 minuto\" \/>\n<script type=\"application\/ld+json\" class=\"yoast-schema-graph\">{\"@context\":\"https:\/\/schema.org\",\"@graph\":[{\"@type\":\"WebPage\",\"@id\":\"https:\/\/www.viva-riviera.com\/it\/a-proposito\/\",\"url\":\"https:\/\/www.viva-riviera.com\/it\/a-proposito\/\",\"name\":\"A proposito - Viva Riviera Appartamento in affitto ed esperienze a Cannes\",\"isPartOf\":{\"@id\":\"https:\/\/www.viva-riviera.com\/it\/#website\"},\"datePublished\":\"2019-11-13T14:34:20+00:00\",\"dateModified\":\"2019-11-13T14:34:22+00:00\",\"description\":\"Ecco una presentazione di Viva Riviera, il suo team e come entrare in contatto. Se hai bisogno di informazioni, contattaci\",\"breadcrumb\":{\"@id\":\"https:\/\/www.viva-riviera.com\/it\/a-proposito\/#breadcrumb\"},\"inLanguage\":\"it-IT\",\"potentialAction\":[{\"@type\":\"ReadAction\",\"target\":[\"https:\/\/www.viva-riviera.com\/it\/a-proposito\/\"]}]},{\"@type\":\"BreadcrumbList\",\"@id\":\"https:\/\/www.viva-riviera.com\/it\/a-proposito\/#breadcrumb\",\"itemListElement\":[{\"@type\":\"ListItem\",\"position\":1,\"name\":\"Accueil\",\"item\":\"https:\/\/www.viva-riviera.com\/it\/benvenuto\/\"},{\"@type\":\"ListItem\",\"position\":2,\"name\":\"A proposito\"}]},{\"@type\":\"WebSite\",\"@id\":\"https:\/\/www.viva-riviera.com\/it\/#website\",\"url\":\"https:\/\/www.viva-riviera.com\/it\/\",\"name\":\"Viva Riviera\",\"description\":\"Location saisonni\u00e8re \u00e0 Cannes\",\"potentialAction\":[{\"@type\":\"SearchAction\",\"target\":{\"@type\":\"EntryPoint\",\"urlTemplate\":\"https:\/\/www.viva-riviera.com\/it\/?s={search_term_string}\"},\"query-input\":\"required name=search_term_string\"}],\"inLanguage\":\"it-IT\"}]}<\/script>\n<!-- \/ Yoast SEO plugin. -->","yoast_head_json":{"title":"A proposito - Viva Riviera Appartamento in affitto ed esperienze a Cannes","description":"Ecco una presentazione di Viva Riviera, il suo team e come entrare in contatto. Se hai bisogno di informazioni, contattaci","robots":{"index":"index","follow":"follow","max-snippet":"max-snippet:-1","max-image-preview":"max-image-preview:large","max-video-preview":"max-video-preview:-1"},"canonical":"https:\/\/www.viva-riviera.com\/it\/a-proposito\/","og_locale":"it_IT","og_type":"article","og_title":"A proposito - Viva Riviera Appartamento in affitto ed esperienze a Cannes","og_description":"Ecco una presentazione di Viva Riviera, il suo team e come entrare in contatto. Se hai bisogno di informazioni, contattaci","og_url":"https:\/\/www.viva-riviera.com\/it\/a-proposito\/","og_site_name":"Viva Riviera","article_publisher":"https:\/\/www.facebook.com\/vivariviera","article_modified_time":"2019-11-13T14:34:22+00:00","og_image":[{"url":"https:\/\/www.viva-riviera.com\/wp-content\/uploads\/2019\/09\/A-propos-1-1024x526.png"}],"twitter_card":"summary_large_image","twitter_site":"@Viva_Riviera","twitter_misc":{"Tempo di lettura stimato":"1 minuto"},"schema":{"@context":"https:\/\/schema.org","@graph":[{"@type":"WebPage","@id":"https:\/\/www.viva-riviera.com\/it\/a-proposito\/","url":"https:\/\/www.viva-riviera.com\/it\/a-proposito\/","name":"A proposito - Viva Riviera Appartamento in affitto ed esperienze a Cannes","isPartOf":{"@id":"https:\/\/www.viva-riviera.com\/it\/#website"},"datePublished":"2019-11-13T14:34:20+00:00","dateModified":"2019-11-13T14:34:22+00:00","description":"Ecco una presentazione di Viva Riviera, il suo team e come entrare in contatto. Se hai bisogno di informazioni, contattaci","breadcrumb":{"@id":"https:\/\/www.viva-riviera.com\/it\/a-proposito\/#breadcrumb"},"inLanguage":"it-IT","potentialAction":[{"@type":"ReadAction","target":["https:\/\/www.viva-riviera.com\/it\/a-proposito\/"]}]},{"@type":"BreadcrumbList","@id":"https:\/\/www.viva-riviera.com\/it\/a-proposito\/#breadcrumb","itemListElement":[{"@type":"ListItem","position":1,"name":"Accueil","item":"https:\/\/www.viva-riviera.com\/it\/benvenuto\/"},{"@type":"ListItem","position":2,"name":"A proposito"}]},{"@type":"WebSite","@id":"https:\/\/www.viva-riviera.com\/it\/#website","url":"https:\/\/www.viva-riviera.com\/it\/","name":"Viva Riviera","description":"Location saisonni\u00e8re \u00e0 Cannes","potentialAction":[{"@type":"SearchAction","target":{"@type":"EntryPoint","urlTemplate":"https:\/\/www.viva-riviera.com\/it\/?s={search_term_string}"},"query-input":"required name=search_term_string"}],"inLanguage":"it-IT"}]}},"_links":{"self":[{"href":"https:\/\/www.viva-riviera.com\/it\/wp-json\/wp\/v2\/pages\/24123"}],"collection":[{"href":"https:\/\/www.viva-riviera.com\/it\/wp-json\/wp\/v2\/pages"}],"about":[{"href":"https:\/\/www.viva-riviera.com\/it\/wp-json\/wp\/v2\/types\/page"}],"author":[{"embeddable":true,"href":"https:\/\/www.viva-riviera.com\/it\/wp-json\/wp\/v2\/users\/2"}],"replies":[{"embeddable":true,"href":"https:\/\/www.viva-riviera.com\/it\/wp-json\/wp\/v2\/comments?post=24123"}],"version-history":[{"count":1,"href":"https:\/\/www.viva-riviera.com\/it\/wp-json\/wp\/v2\/pages\/24123\/revisions"}],"predecessor-version":[{"id":24125,"href":"https:\/\/www.viva-riviera.com\/it\/wp-json\/wp\/v2\/pages\/24123\/revisions\/24125"}],"wp:attachment":[{"href":"https:\/\/www.viva-riviera.com\/it\/wp-json\/wp\/v2\/media?parent=24123"}],"curies":[{"name":"wp","href":"https:\/\/api.w.org\/{rel}","templated":true}]}}