{"id":13891,"date":"2019-10-03T14:32:31","date_gmt":"2019-10-03T12:32:31","guid":{"rendered":"https:\/\/www.viva-riviera.com\/festival-dello-yachting\/"},"modified":"2019-10-03T14:32:35","modified_gmt":"2019-10-03T12:32:35","slug":"festival-dello-yachting","status":"publish","type":"page","link":"https:\/\/www.viva-riviera.com\/it\/eventi-a-cannes\/festival-dello-yachting\/","title":{"rendered":"Festival dello yachting"},"content":{"rendered":"\t\t<div data-elementor-type=\"wp-post\" data-elementor-id=\"13891\" class=\"elementor elementor-13891 elementor-7667\">\n\t\t\t\t\t\t\t\t\t<section class=\"elementor-section elementor-top-section elementor-element elementor-element-611ca7bf elementor-section-boxed elementor-section-height-default elementor-section-height-default\" data-id=\"611ca7bf\" data-element_type=\"section\" data-settings=\"{&quot;background_background&quot;:&quot;classic&quot;}\">\n\t\t\t\t\t\t\t<div class=\"elementor-background-overlay\"><\/div>\n\t\t\t\t\t\t\t<div class=\"elementor-container elementor-column-gap-default\">\n\t\t\t\t\t<div class=\"elementor-column elementor-col-50 elementor-top-column elementor-element elementor-element-afee272\" data-id=\"afee272\" data-element_type=\"column\">\n\t\t\t<div class=\"elementor-widget-wrap elementor-element-populated\">\n\t\t\t\t\t\t\t\t<div class=\"elementor-element elementor-element-251db471 elementor-widget elementor-widget-video\" data-id=\"251db471\" data-element_type=\"widget\" data-settings=\"{&quot;youtube_url&quot;:&quot;https:\\\/\\\/www.youtube.com\\\/watch?v=YmVh9rhu4MI&quot;,&quot;autoplay&quot;:&quot;yes&quot;,&quot;mute&quot;:&quot;yes&quot;,&quot;start&quot;:1,&quot;video_type&quot;:&quot;youtube&quot;,&quot;controls&quot;:&quot;yes&quot;}\" data-widget_type=\"video.default\">\n\t\t\t\t<div class=\"elementor-widget-container\">\n\t\t\t\t\t<div class=\"elementor-wrapper elementor-open-inline\">\n\t\t\t<div class=\"elementor-video\"><\/div>\t\t<\/div>\n\t\t\t\t<\/div>\n\t\t\t\t<\/div>\n\t\t\t\t\t<\/div>\n\t\t<\/div>\n\t\t\t\t<div class=\"elementor-column elementor-col-50 elementor-top-column elementor-element elementor-element-2cc1b83f\" data-id=\"2cc1b83f\" data-element_type=\"column\">\n\t\t\t<div class=\"elementor-widget-wrap elementor-element-populated\">\n\t\t\t\t\t\t\t\t<div class=\"elementor-element elementor-element-3a9e44f8 elementor-widget elementor-widget-heading\" data-id=\"3a9e44f8\" data-element_type=\"widget\" data-widget_type=\"heading.default\">\n\t\t\t\t<div class=\"elementor-widget-container\">\n\t\t\t<h2 class=\"elementor-heading-title elementor-size-large\">Cannes Yachting<\/h2>\t\t<\/div>\n\t\t\t\t<\/div>\n\t\t\t\t<div class=\"elementor-element elementor-element-6b3b618a elementor-widget elementor-widget-text-editor\" data-id=\"6b3b618a\" data-element_type=\"widget\" data-widget_type=\"text-editor.default\">\n\t\t\t\t<div class=\"elementor-widget-container\">\n\t\t\t\t\t\t\t<p style=\"text-align: left;\">Dall&#8217;8 al 13 settembre 2020, Cannes ospita uno degli eventi nautici pi\u00f9 importanti del mondo.<\/p>\n\t\t\t\t\t\t<\/div>\n\t\t\t\t<\/div>\n\t\t\t\t\t<\/div>\n\t\t<\/div>\n\t\t\t\t\t\t\t<\/div>\n\t\t<\/section>\n\t\t\t\t<section class=\"elementor-section elementor-top-section elementor-element elementor-element-206cd048 elementor-section-content-middle elementor-reverse-mobile elementor-section-boxed elementor-section-height-default elementor-section-height-default\" data-id=\"206cd048\" data-element_type=\"section\" data-settings=\"{&quot;background_background&quot;:&quot;classic&quot;}\">\n\t\t\t\t\t\t<div class=\"elementor-container elementor-column-gap-default\">\n\t\t\t\t\t<div class=\"elementor-column elementor-col-50 elementor-top-column elementor-element elementor-element-4caf6e9c\" data-id=\"4caf6e9c\" data-element_type=\"column\">\n\t\t\t<div class=\"elementor-widget-wrap elementor-element-populated\">\n\t\t\t\t\t\t\t\t<div class=\"elementor-element elementor-element-30c1526e elementor-view-stacked elementor-position-left elementor-shape-square elementor-mobile-position-top elementor-vertical-align-top elementor-widget elementor-widget-icon-box\" data-id=\"30c1526e\" data-element_type=\"widget\" data-widget_type=\"icon-box.default\">\n\t\t\t\t<div class=\"elementor-widget-container\">\n\t\t\t\t\t<div class=\"elementor-icon-box-wrapper\">\n\t\t\t\t\t\t<div class=\"elementor-icon-box-icon\">\n\t\t\t\t<span  class=\"elementor-icon elementor-animation-\">\n\t\t\t\t<i class=\"fa fa-connectdevelop\" aria-hidden=\"true\"><\/i>\t\t\t\t<\/span>\n\t\t\t<\/div>\n\t\t\t\t\t\t<div class=\"elementor-icon-box-content\">\n\t\t\t\t<h3 class=\"elementor-icon-box-title\">\n\t\t\t\t\t<span  >\n\t\t\t\t\t\tPresentazione\t\t\t\t\t<\/span>\n\t\t\t\t<\/h3>\n\t\t\t\t\t\t\t\t\t<p class=\"elementor-icon-box-description\">\n\t\t\t\t\t\tQuesto festival riunisce professionisti del mercato internazionale della nautica portuaria e della nautica sfarzosa. \nSi svolge in tre diverse localit\u00e0 della citt\u00e0: il Porto Vecchio, il porto Pierre-Canto e il Palais des Festivals. L'evento \u00e8 l'evento velico pi\u00f9 importante d'Europa. Tra B2B e B2C, il Cannes Yachting \u00e8 il legame con l'estate e gli eventi professionali che tornano punteggiano l'anno.\t\t\t\t\t<\/p>\n\t\t\t\t\t\t\t<\/div>\n\t\t<\/div>\n\t\t\t\t<\/div>\n\t\t\t\t<\/div>\n\t\t\t\t\t<\/div>\n\t\t<\/div>\n\t\t\t\t<div class=\"elementor-column elementor-col-50 elementor-top-column elementor-element elementor-element-5cf9221f\" data-id=\"5cf9221f\" data-element_type=\"column\">\n\t\t\t<div class=\"elementor-widget-wrap elementor-element-populated\">\n\t\t\t\t\t\t\t\t<div class=\"elementor-element elementor-element-6dd63ab3 elementor-widget elementor-widget-image\" data-id=\"6dd63ab3\" data-element_type=\"widget\" data-widget_type=\"image.default\">\n\t\t\t\t<div class=\"elementor-widget-container\">\n\t\t\t\t\t\t\t\t\t\t\t\t\t\t\t<img decoding=\"async\" width=\"1024\" height=\"1024\" src=\"https:\/\/www.viva-riviera.com\/wp-content\/uploads\/2019\/05\/yachting-festival-cannes.jpg\" class=\"attachment-large size-large wp-image-7670\" alt=\"yachting festival cannes\" srcset=\"https:\/\/www.viva-riviera.com\/wp-content\/uploads\/2019\/05\/yachting-festival-cannes.jpg 1024w, https:\/\/www.viva-riviera.com\/wp-content\/uploads\/2019\/05\/yachting-festival-cannes-150x150.jpg 150w, https:\/\/www.viva-riviera.com\/wp-content\/uploads\/2019\/05\/yachting-festival-cannes-300x300.jpg 300w, https:\/\/www.viva-riviera.com\/wp-content\/uploads\/2019\/05\/yachting-festival-cannes-768x768.jpg 768w, https:\/\/www.viva-riviera.com\/wp-content\/uploads\/2019\/05\/yachting-festival-cannes-550x550.jpg 550w, https:\/\/www.viva-riviera.com\/wp-content\/uploads\/2019\/05\/yachting-festival-cannes-1000x1000.jpg 1000w\" sizes=\"(max-width: 1024px) 100vw, 1024px\" \/>\t\t\t\t\t\t\t\t\t\t\t\t\t\t\t<\/div>\n\t\t\t\t<\/div>\n\t\t\t\t\t<\/div>\n\t\t<\/div>\n\t\t\t\t\t\t\t<\/div>\n\t\t<\/section>\n\t\t\t\t<section class=\"elementor-section elementor-top-section elementor-element elementor-element-3e373391 elementor-section-content-middle elementor-section-boxed elementor-section-height-default elementor-section-height-default\" data-id=\"3e373391\" data-element_type=\"section\" data-settings=\"{&quot;background_background&quot;:&quot;classic&quot;}\">\n\t\t\t\t\t\t<div class=\"elementor-container elementor-column-gap-no\">\n\t\t\t\t\t<div class=\"elementor-column elementor-col-50 elementor-top-column elementor-element elementor-element-231c4e7d\" data-id=\"231c4e7d\" data-element_type=\"column\">\n\t\t\t<div class=\"elementor-widget-wrap elementor-element-populated\">\n\t\t\t\t\t\t\t\t<div class=\"elementor-element elementor-element-7e3aec0 elementor-widget elementor-widget-image\" data-id=\"7e3aec0\" data-element_type=\"widget\" data-widget_type=\"image.default\">\n\t\t\t\t<div class=\"elementor-widget-container\">\n\t\t\t\t\t\t\t\t\t\t\t\t\t\t\t<img decoding=\"async\" width=\"1024\" height=\"1024\" src=\"https:\/\/www.viva-riviera.com\/wp-content\/uploads\/2019\/05\/cannes-yachting-festival.jpg\" class=\"attachment-large size-large wp-image-7669\" alt=\"cannes yachting festival\" srcset=\"https:\/\/www.viva-riviera.com\/wp-content\/uploads\/2019\/05\/cannes-yachting-festival.jpg 1024w, https:\/\/www.viva-riviera.com\/wp-content\/uploads\/2019\/05\/cannes-yachting-festival-150x150.jpg 150w, https:\/\/www.viva-riviera.com\/wp-content\/uploads\/2019\/05\/cannes-yachting-festival-300x300.jpg 300w, https:\/\/www.viva-riviera.com\/wp-content\/uploads\/2019\/05\/cannes-yachting-festival-768x768.jpg 768w, https:\/\/www.viva-riviera.com\/wp-content\/uploads\/2019\/05\/cannes-yachting-festival-550x550.jpg 550w, https:\/\/www.viva-riviera.com\/wp-content\/uploads\/2019\/05\/cannes-yachting-festival-1000x1000.jpg 1000w\" sizes=\"(max-width: 1024px) 100vw, 1024px\" \/>\t\t\t\t\t\t\t\t\t\t\t\t\t\t\t<\/div>\n\t\t\t\t<\/div>\n\t\t\t\t\t<\/div>\n\t\t<\/div>\n\t\t\t\t<div class=\"elementor-column elementor-col-50 elementor-top-column elementor-element elementor-element-45145314\" data-id=\"45145314\" data-element_type=\"column\" data-settings=\"{&quot;background_background&quot;:&quot;classic&quot;}\">\n\t\t\t<div class=\"elementor-widget-wrap elementor-element-populated\">\n\t\t\t\t\t\t\t\t<div class=\"elementor-element elementor-element-78ea2f23 elementor-view-default elementor-widget elementor-widget-icon\" data-id=\"78ea2f23\" data-element_type=\"widget\" data-widget_type=\"icon.default\">\n\t\t\t\t<div class=\"elementor-widget-container\">\n\t\t\t\t\t<div class=\"elementor-icon-wrapper\">\n\t\t\t<div class=\"elementor-icon\">\n\t\t\t\t\t\t\t<i class=\"fa fa-file-text\" aria-hidden=\"true\"><\/i>\n\t\t\t\t\t\t<\/div>\n\t\t<\/div>\n\t\t\t\t<\/div>\n\t\t\t\t<\/div>\n\t\t\t\t<div class=\"elementor-element elementor-element-132f5bc7 elementor-widget elementor-widget-heading\" data-id=\"132f5bc7\" data-element_type=\"widget\" data-widget_type=\"heading.default\">\n\t\t\t\t<div class=\"elementor-widget-container\">\n\t\t\t<h3 class=\"elementor-heading-title elementor-size-large\">Buono a sapersi<\/h3>\t\t<\/div>\n\t\t\t\t<\/div>\n\t\t\t\t<div class=\"elementor-element elementor-element-7d243da7 elementor-widget elementor-widget-text-editor\" data-id=\"7d243da7\" data-element_type=\"widget\" data-widget_type=\"text-editor.default\">\n\t\t\t\t<div class=\"elementor-widget-container\">\n\t\t\t\t\t\t\t<p>Lo Yachting Festival \u00e8:<\/p>\n<ul>\n<li>542 espositori<\/li>\n<li>638 barche da 2,40 a 53 metri<\/li>\n<li>219 anteprime di 111 lanci globali<\/li>\n<li>150 yacht lunghi oltre 20 metri<\/li>\n<li>110 barche a vela.<\/li>\n<\/ul>\n<p>Ecco il <span style=\"font-size: 11.0pt; line-height: 115%; font-family: 'Arial',sans-serif;\"><a href=\"https:\/\/www.cannesyachtingfestival.com\/\" target=\"_blank\" rel=\"noopener\">websitewww.yachting.com<\/a> ufficiale<\/span><\/p>\n\t\t\t\t\t\t<\/div>\n\t\t\t\t<\/div>\n\t\t\t\t\t<\/div>\n\t\t<\/div>\n\t\t\t\t\t\t\t<\/div>\n\t\t<\/section>\n\t\t\t\t<section class=\"elementor-section elementor-top-section elementor-element elementor-element-5b9c6bb1 elementor-section-content-middle elementor-reverse-mobile elementor-section-boxed elementor-section-height-default elementor-section-height-default\" data-id=\"5b9c6bb1\" data-element_type=\"section\" data-settings=\"{&quot;background_background&quot;:&quot;classic&quot;}\">\n\t\t\t\t\t\t<div class=\"elementor-container elementor-column-gap-no\">\n\t\t\t\t\t<div class=\"elementor-column elementor-col-50 elementor-top-column elementor-element elementor-element-7dae0aa8\" data-id=\"7dae0aa8\" data-element_type=\"column\" data-settings=\"{&quot;background_background&quot;:&quot;classic&quot;}\">\n\t\t\t<div class=\"elementor-widget-wrap elementor-element-populated\">\n\t\t\t\t\t\t\t\t<div class=\"elementor-element elementor-element-3cd75706 elementor-view-default elementor-widget elementor-widget-icon\" data-id=\"3cd75706\" data-element_type=\"widget\" data-widget_type=\"icon.default\">\n\t\t\t\t<div class=\"elementor-widget-container\">\n\t\t\t\t\t<div class=\"elementor-icon-wrapper\">\n\t\t\t<div class=\"elementor-icon\">\n\t\t\t\t\t\t\t<i class=\"fa fa-home\" aria-hidden=\"true\"><\/i>\n\t\t\t\t\t\t<\/div>\n\t\t<\/div>\n\t\t\t\t<\/div>\n\t\t\t\t<\/div>\n\t\t\t\t<div class=\"elementor-element elementor-element-1c30e6fc elementor-widget elementor-widget-heading\" data-id=\"1c30e6fc\" data-element_type=\"widget\" data-widget_type=\"heading.default\">\n\t\t\t\t<div class=\"elementor-widget-container\">\n\t\t\t<h3 class=\"elementor-heading-title elementor-size-large\">Trova il tuo alloggio per l'evento<\/h3>\t\t<\/div>\n\t\t\t\t<\/div>\n\t\t\t\t<div class=\"elementor-element elementor-element-3a44dd61 elementor-widget elementor-widget-text-editor\" data-id=\"3a44dd61\" data-element_type=\"widget\" data-widget_type=\"text-editor.default\">\n\t\t\t\t<div class=\"elementor-widget-container\">\n\t\t\t\t\t\t\t<p>Ogni anno, la nostra agenzia accoglie i partecipanti provenienti da tutto il mondo per questa conferenza. <\/p>\n<p>La nostra agenzia offre una vasta selezione di appartamenti completamente attrezzati situati nel centro di Cannes, vicino al Palais des Festivals.<\/p>\n\t\t\t\t\t\t<\/div>\n\t\t\t\t<\/div>\n\t\t\t\t\t<\/div>\n\t\t<\/div>\n\t\t\t\t<div class=\"elementor-column elementor-col-50 elementor-top-column elementor-element elementor-element-6dc4664d\" data-id=\"6dc4664d\" data-element_type=\"column\">\n\t\t\t<div class=\"elementor-widget-wrap elementor-element-populated\">\n\t\t\t\t\t\t\t\t<div class=\"elementor-element elementor-element-171562d5 elementor-widget elementor-widget-image\" data-id=\"171562d5\" data-element_type=\"widget\" data-widget_type=\"image.default\">\n\t\t\t\t<div class=\"elementor-widget-container\">\n\t\t\t\t\t\t\t\t\t\t\t\t\t\t\t<img decoding=\"async\" src=\"https:\/\/www.viva-riviera.com\/wp-content\/uploads\/2019\/05\/Living-Room-3.jpg\" title=\"\" alt=\"\" loading=\"lazy\" \/>\t\t\t\t\t\t\t\t\t\t\t\t\t\t\t<\/div>\n\t\t\t\t<\/div>\n\t\t\t\t\t<\/div>\n\t\t<\/div>\n\t\t\t\t\t\t\t<\/div>\n\t\t<\/section>\n\t\t\t\t\t\t\t<\/div>\n\t\t","protected":false},"excerpt":{"rendered":"<p>Cannes Yachting Dall&#8217;8 al 13 settembre 2020, Cannes ospita uno degli eventi nautici pi\u00f9 importanti del mondo. Presentazione Questo festival riunisce professionisti del mercato internazionale della nautica portuaria e della nautica sfarzosa. Si svolge in tre diverse localit\u00e0 della citt\u00e0: il Porto Vecchio, il porto&#8230;<\/p>\n","protected":false},"author":10,"featured_media":0,"parent":14106,"menu_order":0,"comment_status":"closed","ping_status":"closed","template":"elementor_header_footer","meta":{"_exactmetrics_skip_tracking":false,"_exactmetrics_sitenote_active":false,"_exactmetrics_sitenote_note":"","_exactmetrics_sitenote_category":0},"yoast_head":"<!-- This site is optimized with the Yoast SEO plugin v21.8.1 - https:\/\/yoast.com\/wordpress\/plugins\/seo\/ -->\n<title>Festival dello yachting - Viva Riviera<\/title>\n<meta name=\"robots\" content=\"index, follow, max-snippet:-1, max-image-preview:large, max-video-preview:-1\" \/>\n<link rel=\"canonical\" href=\"https:\/\/www.viva-riviera.com\/it\/eventi-a-cannes\/festival-dello-yachting\/\" \/>\n<meta property=\"og:locale\" content=\"it_IT\" \/>\n<meta property=\"og:type\" content=\"article\" \/>\n<meta property=\"og:title\" content=\"Festival dello yachting - Viva Riviera\" \/>\n<meta property=\"og:description\" content=\"Cannes Yachting Dall&#8217;8 al 13 settembre 2020, Cannes ospita uno degli eventi nautici pi\u00f9 importanti del mondo. Presentazione Questo festival riunisce professionisti del mercato internazionale della nautica portuaria e della nautica sfarzosa. Si svolge in tre diverse localit\u00e0 della citt\u00e0: il Porto Vecchio, il porto...\" \/>\n<meta property=\"og:url\" content=\"https:\/\/www.viva-riviera.com\/it\/eventi-a-cannes\/festival-dello-yachting\/\" \/>\n<meta property=\"og:site_name\" content=\"Viva Riviera\" \/>\n<meta property=\"article:publisher\" content=\"https:\/\/www.facebook.com\/vivariviera\" \/>\n<meta property=\"article:modified_time\" content=\"2019-10-03T12:32:35+00:00\" \/>\n<meta property=\"og:image\" content=\"https:\/\/www.viva-riviera.com\/wp-content\/uploads\/2019\/05\/yachting-festival-cannes.jpg\" \/>\n<meta name=\"twitter:card\" content=\"summary_large_image\" \/>\n<meta name=\"twitter:site\" content=\"@Viva_Riviera\" \/>\n<meta name=\"twitter:label1\" content=\"Tempo di lettura stimato\" \/>\n\t<meta name=\"twitter:data1\" content=\"1 minuto\" \/>\n<script type=\"application\/ld+json\" class=\"yoast-schema-graph\">{\"@context\":\"https:\/\/schema.org\",\"@graph\":[{\"@type\":\"WebPage\",\"@id\":\"https:\/\/www.viva-riviera.com\/it\/eventi-a-cannes\/festival-dello-yachting\/\",\"url\":\"https:\/\/www.viva-riviera.com\/it\/eventi-a-cannes\/festival-dello-yachting\/\",\"name\":\"Festival dello yachting - Viva Riviera\",\"isPartOf\":{\"@id\":\"https:\/\/www.viva-riviera.com\/it\/#website\"},\"datePublished\":\"2019-10-03T12:32:31+00:00\",\"dateModified\":\"2019-10-03T12:32:35+00:00\",\"breadcrumb\":{\"@id\":\"https:\/\/www.viva-riviera.com\/it\/eventi-a-cannes\/festival-dello-yachting\/#breadcrumb\"},\"inLanguage\":\"it-IT\",\"potentialAction\":[{\"@type\":\"ReadAction\",\"target\":[\"https:\/\/www.viva-riviera.com\/it\/eventi-a-cannes\/festival-dello-yachting\/\"]}]},{\"@type\":\"BreadcrumbList\",\"@id\":\"https:\/\/www.viva-riviera.com\/it\/eventi-a-cannes\/festival-dello-yachting\/#breadcrumb\",\"itemListElement\":[{\"@type\":\"ListItem\",\"position\":1,\"name\":\"Accueil\",\"item\":\"https:\/\/www.viva-riviera.com\/it\/benvenuto\/\"},{\"@type\":\"ListItem\",\"position\":2,\"name\":\"Eventi a Cannes\",\"item\":\"https:\/\/www.viva-riviera.com\/it\/eventi-a-cannes\/\"},{\"@type\":\"ListItem\",\"position\":3,\"name\":\"Festival dello yachting\"}]},{\"@type\":\"WebSite\",\"@id\":\"https:\/\/www.viva-riviera.com\/it\/#website\",\"url\":\"https:\/\/www.viva-riviera.com\/it\/\",\"name\":\"Viva Riviera\",\"description\":\"Location saisonni\u00e8re \u00e0 Cannes\",\"potentialAction\":[{\"@type\":\"SearchAction\",\"target\":{\"@type\":\"EntryPoint\",\"urlTemplate\":\"https:\/\/www.viva-riviera.com\/it\/?s={search_term_string}\"},\"query-input\":\"required name=search_term_string\"}],\"inLanguage\":\"it-IT\"}]}<\/script>\n<!-- \/ Yoast SEO plugin. -->","yoast_head_json":{"title":"Festival dello yachting - Viva Riviera","robots":{"index":"index","follow":"follow","max-snippet":"max-snippet:-1","max-image-preview":"max-image-preview:large","max-video-preview":"max-video-preview:-1"},"canonical":"https:\/\/www.viva-riviera.com\/it\/eventi-a-cannes\/festival-dello-yachting\/","og_locale":"it_IT","og_type":"article","og_title":"Festival dello yachting - Viva Riviera","og_description":"Cannes Yachting Dall&#8217;8 al 13 settembre 2020, Cannes ospita uno degli eventi nautici pi\u00f9 importanti del mondo. Presentazione Questo festival riunisce professionisti del mercato internazionale della nautica portuaria e della nautica sfarzosa. Si svolge in tre diverse localit\u00e0 della citt\u00e0: il Porto Vecchio, il porto...","og_url":"https:\/\/www.viva-riviera.com\/it\/eventi-a-cannes\/festival-dello-yachting\/","og_site_name":"Viva Riviera","article_publisher":"https:\/\/www.facebook.com\/vivariviera","article_modified_time":"2019-10-03T12:32:35+00:00","og_image":[{"url":"https:\/\/www.viva-riviera.com\/wp-content\/uploads\/2019\/05\/yachting-festival-cannes.jpg"}],"twitter_card":"summary_large_image","twitter_site":"@Viva_Riviera","twitter_misc":{"Tempo di lettura stimato":"1 minuto"},"schema":{"@context":"https:\/\/schema.org","@graph":[{"@type":"WebPage","@id":"https:\/\/www.viva-riviera.com\/it\/eventi-a-cannes\/festival-dello-yachting\/","url":"https:\/\/www.viva-riviera.com\/it\/eventi-a-cannes\/festival-dello-yachting\/","name":"Festival dello yachting - Viva Riviera","isPartOf":{"@id":"https:\/\/www.viva-riviera.com\/it\/#website"},"datePublished":"2019-10-03T12:32:31+00:00","dateModified":"2019-10-03T12:32:35+00:00","breadcrumb":{"@id":"https:\/\/www.viva-riviera.com\/it\/eventi-a-cannes\/festival-dello-yachting\/#breadcrumb"},"inLanguage":"it-IT","potentialAction":[{"@type":"ReadAction","target":["https:\/\/www.viva-riviera.com\/it\/eventi-a-cannes\/festival-dello-yachting\/"]}]},{"@type":"BreadcrumbList","@id":"https:\/\/www.viva-riviera.com\/it\/eventi-a-cannes\/festival-dello-yachting\/#breadcrumb","itemListElement":[{"@type":"ListItem","position":1,"name":"Accueil","item":"https:\/\/www.viva-riviera.com\/it\/benvenuto\/"},{"@type":"ListItem","position":2,"name":"Eventi a Cannes","item":"https:\/\/www.viva-riviera.com\/it\/eventi-a-cannes\/"},{"@type":"ListItem","position":3,"name":"Festival dello yachting"}]},{"@type":"WebSite","@id":"https:\/\/www.viva-riviera.com\/it\/#website","url":"https:\/\/www.viva-riviera.com\/it\/","name":"Viva Riviera","description":"Location saisonni\u00e8re \u00e0 Cannes","potentialAction":[{"@type":"SearchAction","target":{"@type":"EntryPoint","urlTemplate":"https:\/\/www.viva-riviera.com\/it\/?s={search_term_string}"},"query-input":"required name=search_term_string"}],"inLanguage":"it-IT"}]}},"_links":{"self":[{"href":"https:\/\/www.viva-riviera.com\/it\/wp-json\/wp\/v2\/pages\/13891"}],"collection":[{"href":"https:\/\/www.viva-riviera.com\/it\/wp-json\/wp\/v2\/pages"}],"about":[{"href":"https:\/\/www.viva-riviera.com\/it\/wp-json\/wp\/v2\/types\/page"}],"author":[{"embeddable":true,"href":"https:\/\/www.viva-riviera.com\/it\/wp-json\/wp\/v2\/users\/10"}],"replies":[{"embeddable":true,"href":"https:\/\/www.viva-riviera.com\/it\/wp-json\/wp\/v2\/comments?post=13891"}],"version-history":[{"count":4,"href":"https:\/\/www.viva-riviera.com\/it\/wp-json\/wp\/v2\/pages\/13891\/revisions"}],"predecessor-version":[{"id":13897,"href":"https:\/\/www.viva-riviera.com\/it\/wp-json\/wp\/v2\/pages\/13891\/revisions\/13897"}],"up":[{"embeddable":true,"href":"https:\/\/www.viva-riviera.com\/it\/wp-json\/wp\/v2\/pages\/14106"}],"wp:attachment":[{"href":"https:\/\/www.viva-riviera.com\/it\/wp-json\/wp\/v2\/media?parent=13891"}],"curies":[{"name":"wp","href":"https:\/\/api.w.org\/{rel}","templated":true}]}}