{"id":13818,"date":"2019-10-03T14:06:55","date_gmt":"2019-10-03T12:06:55","guid":{"rendered":"https:\/\/www.viva-riviera.com\/mipim\/"},"modified":"2026-01-08T11:44:13","modified_gmt":"2026-01-08T10:44:13","slug":"mipim","status":"publish","type":"page","link":"https:\/\/www.viva-riviera.com\/it\/eventi-a-cannes\/mipim\/","title":{"rendered":"Mipim"},"content":{"rendered":"\t\t<div data-elementor-type=\"wp-post\" data-elementor-id=\"13818\" class=\"elementor elementor-13818 elementor-7491\">\n\t\t\t\t\t\t\t\t\t<section class=\"elementor-section elementor-top-section elementor-element elementor-element-38f5e721 elementor-section-boxed elementor-section-height-default elementor-section-height-default\" data-id=\"38f5e721\" data-element_type=\"section\" data-settings=\"{&quot;background_background&quot;:&quot;classic&quot;}\">\n\t\t\t\t\t\t\t<div class=\"elementor-background-overlay\"><\/div>\n\t\t\t\t\t\t\t<div class=\"elementor-container elementor-column-gap-default\">\n\t\t\t\t\t<div class=\"elementor-column elementor-col-50 elementor-top-column elementor-element elementor-element-5447abe7\" data-id=\"5447abe7\" data-element_type=\"column\">\n\t\t\t<div class=\"elementor-widget-wrap elementor-element-populated\">\n\t\t\t\t\t\t\t\t<div class=\"elementor-element elementor-element-e790a49 elementor-widget elementor-widget-video\" data-id=\"e790a49\" data-element_type=\"widget\" data-settings=\"{&quot;youtube_url&quot;:&quot;https:\\\/\\\/youtu.be\\\/mXNOfTUhLoM?si=ME40wqWwc-JLsTfA&quot;,&quot;autoplay&quot;:&quot;yes&quot;,&quot;mute&quot;:&quot;yes&quot;,&quot;video_type&quot;:&quot;youtube&quot;,&quot;controls&quot;:&quot;yes&quot;}\" data-widget_type=\"video.default\">\n\t\t\t\t<div class=\"elementor-widget-container\">\n\t\t\t\t\t<div class=\"elementor-wrapper elementor-open-inline\">\n\t\t\t<div class=\"elementor-video\"><\/div>\t\t<\/div>\n\t\t\t\t<\/div>\n\t\t\t\t<\/div>\n\t\t\t\t\t<\/div>\n\t\t<\/div>\n\t\t\t\t<div class=\"elementor-column elementor-col-50 elementor-top-column elementor-element elementor-element-210697b4\" data-id=\"210697b4\" data-element_type=\"column\">\n\t\t\t<div class=\"elementor-widget-wrap elementor-element-populated\">\n\t\t\t\t\t\t\t\t<div class=\"elementor-element elementor-element-312c6450 elementor-widget elementor-widget-heading\" data-id=\"312c6450\" data-element_type=\"widget\" data-widget_type=\"heading.default\">\n\t\t\t\t<div class=\"elementor-widget-container\">\n\t\t\t<h2 class=\"elementor-heading-title elementor-size-large\">Mipim<\/h2>\t\t<\/div>\n\t\t\t\t<\/div>\n\t\t\t\t<div class=\"elementor-element elementor-element-a9237e3 elementor-widget elementor-widget-text-editor\" data-id=\"a9237e3\" data-element_type=\"widget\" data-widget_type=\"text-editor.default\">\n\t\t\t\t<div class=\"elementor-widget-container\">\n\t\t\t\t\t\t\t<p style=\"text-align: left;\">Dal 9 al 13 marzo 2026, il Palais des Festivals ospiter\u00e0 la fiera commerciale pi\u00f9 importante per professionisti immobiliari.<\/p>\n\t\t\t\t\t\t<\/div>\n\t\t\t\t<\/div>\n\t\t\t\t\t<\/div>\n\t\t<\/div>\n\t\t\t\t\t\t\t<\/div>\n\t\t<\/section>\n\t\t\t\t<section class=\"elementor-section elementor-top-section elementor-element elementor-element-45146be2 elementor-section-content-middle elementor-reverse-mobile elementor-section-boxed elementor-section-height-default elementor-section-height-default\" data-id=\"45146be2\" data-element_type=\"section\" data-settings=\"{&quot;background_background&quot;:&quot;classic&quot;}\">\n\t\t\t\t\t\t<div class=\"elementor-container elementor-column-gap-default\">\n\t\t\t\t\t<div class=\"elementor-column elementor-col-50 elementor-top-column elementor-element elementor-element-4163c78f\" data-id=\"4163c78f\" data-element_type=\"column\">\n\t\t\t<div class=\"elementor-widget-wrap elementor-element-populated\">\n\t\t\t\t\t\t\t\t<div class=\"elementor-element elementor-element-7b036eb9 elementor-view-stacked elementor-position-left elementor-shape-square elementor-mobile-position-top elementor-vertical-align-top elementor-widget elementor-widget-icon-box\" data-id=\"7b036eb9\" data-element_type=\"widget\" data-widget_type=\"icon-box.default\">\n\t\t\t\t<div class=\"elementor-widget-container\">\n\t\t\t\t\t<div class=\"elementor-icon-box-wrapper\">\n\t\t\t\t\t\t<div class=\"elementor-icon-box-icon\">\n\t\t\t\t<span  class=\"elementor-icon elementor-animation-\">\n\t\t\t\t<i aria-hidden=\"true\" class=\"fab fa-connectdevelop\"><\/i>\t\t\t\t<\/span>\n\t\t\t<\/div>\n\t\t\t\t\t\t<div class=\"elementor-icon-box-content\">\n\t\t\t\t<h3 class=\"elementor-icon-box-title\">\n\t\t\t\t\t<span  >\n\t\t\t\t\t\tPresentazione\t\t\t\t\t<\/span>\n\t\t\t\t<\/h3>\n\t\t\t\t\t\t\t\t\t<p class=\"elementor-icon-box-description\">\n\t\t\t\t\t\tQuesto congresso riunisce i pi\u00f9 influenti attori di tutti i settori del settore immobiliare per quattro giorni di conferenze e networking. \nIl mercato internazionale dei professionisti immobiliari accoglie pi\u00f9 di 20.000 partecipanti, provenienti da 90 paesi diversi.<br>\u00c8 un luogo di incontro eccezionale per concludere accordi, mantenere la propria rete e affrontare i principali temi che riguardano i decisori del settore.\t\t\t\t\t<\/p>\n\t\t\t\t\t\t\t<\/div>\n\t\t<\/div>\n\t\t\t\t<\/div>\n\t\t\t\t<\/div>\n\t\t\t\t\t<\/div>\n\t\t<\/div>\n\t\t\t\t<div class=\"elementor-column elementor-col-50 elementor-top-column elementor-element elementor-element-3980246a\" data-id=\"3980246a\" data-element_type=\"column\">\n\t\t\t<div class=\"elementor-widget-wrap elementor-element-populated\">\n\t\t\t\t\t\t\t\t<div class=\"elementor-element elementor-element-5bcbd26e elementor-widget elementor-widget-image\" data-id=\"5bcbd26e\" data-element_type=\"widget\" data-widget_type=\"image.default\">\n\t\t\t\t<div class=\"elementor-widget-container\">\n\t\t\t\t\t\t\t\t\t\t\t\t\t\t\t<img decoding=\"async\" width=\"1024\" height=\"1024\" src=\"https:\/\/www.viva-riviera.com\/wp-content\/uploads\/2019\/05\/MIPIM-Cannes-2019.png\" class=\"attachment-large size-large wp-image-13820\" alt=\"mipim-canes-2019\" srcset=\"https:\/\/www.viva-riviera.com\/wp-content\/uploads\/2019\/05\/MIPIM-Cannes-2019.png 1024w, https:\/\/www.viva-riviera.com\/wp-content\/uploads\/2019\/05\/MIPIM-Cannes-2019-150x150.png 150w, https:\/\/www.viva-riviera.com\/wp-content\/uploads\/2019\/05\/MIPIM-Cannes-2019-300x300.png 300w, https:\/\/www.viva-riviera.com\/wp-content\/uploads\/2019\/05\/MIPIM-Cannes-2019-768x768.png 768w, https:\/\/www.viva-riviera.com\/wp-content\/uploads\/2019\/05\/MIPIM-Cannes-2019-550x550.png 550w, https:\/\/www.viva-riviera.com\/wp-content\/uploads\/2019\/05\/MIPIM-Cannes-2019-1000x1000.png 1000w\" sizes=\"(max-width: 1024px) 100vw, 1024px\" \/>\t\t\t\t\t\t\t\t\t\t\t\t\t\t\t<\/div>\n\t\t\t\t<\/div>\n\t\t\t\t\t<\/div>\n\t\t<\/div>\n\t\t\t\t\t\t\t<\/div>\n\t\t<\/section>\n\t\t\t\t<section class=\"elementor-section elementor-top-section elementor-element elementor-element-5c86d0ff elementor-section-content-middle elementor-section-boxed elementor-section-height-default elementor-section-height-default\" data-id=\"5c86d0ff\" data-element_type=\"section\" data-settings=\"{&quot;background_background&quot;:&quot;classic&quot;}\">\n\t\t\t\t\t\t<div class=\"elementor-container elementor-column-gap-no\">\n\t\t\t\t\t<div class=\"elementor-column elementor-col-50 elementor-top-column elementor-element elementor-element-61751cf\" data-id=\"61751cf\" data-element_type=\"column\">\n\t\t\t<div class=\"elementor-widget-wrap elementor-element-populated\">\n\t\t\t\t\t\t\t\t<div class=\"elementor-element elementor-element-47c51770 elementor-widget elementor-widget-image\" data-id=\"47c51770\" data-element_type=\"widget\" data-widget_type=\"image.default\">\n\t\t\t\t<div class=\"elementor-widget-container\">\n\t\t\t\t\t\t\t\t\t\t\t\t\t\t\t<img decoding=\"async\" width=\"1024\" height=\"1024\" src=\"https:\/\/www.viva-riviera.com\/wp-content\/uploads\/2019\/05\/MIPIM-cannes.jpg\" class=\"attachment-large size-large wp-image-13824\" alt=\"\" srcset=\"https:\/\/www.viva-riviera.com\/wp-content\/uploads\/2019\/05\/MIPIM-cannes.jpg 1024w, https:\/\/www.viva-riviera.com\/wp-content\/uploads\/2019\/05\/MIPIM-cannes-150x150.jpg 150w, https:\/\/www.viva-riviera.com\/wp-content\/uploads\/2019\/05\/MIPIM-cannes-300x300.jpg 300w, https:\/\/www.viva-riviera.com\/wp-content\/uploads\/2019\/05\/MIPIM-cannes-768x768.jpg 768w, https:\/\/www.viva-riviera.com\/wp-content\/uploads\/2019\/05\/MIPIM-cannes-550x550.jpg 550w, https:\/\/www.viva-riviera.com\/wp-content\/uploads\/2019\/05\/MIPIM-cannes-1000x1000.jpg 1000w\" sizes=\"(max-width: 1024px) 100vw, 1024px\" \/>\t\t\t\t\t\t\t\t\t\t\t\t\t\t\t<\/div>\n\t\t\t\t<\/div>\n\t\t\t\t\t<\/div>\n\t\t<\/div>\n\t\t\t\t<div class=\"elementor-column elementor-col-50 elementor-top-column elementor-element elementor-element-6e32a8c5\" data-id=\"6e32a8c5\" data-element_type=\"column\" data-settings=\"{&quot;background_background&quot;:&quot;classic&quot;}\">\n\t\t\t<div class=\"elementor-widget-wrap elementor-element-populated\">\n\t\t\t\t\t\t\t\t<div class=\"elementor-element elementor-element-2ccee136 elementor-view-default elementor-widget elementor-widget-icon\" data-id=\"2ccee136\" data-element_type=\"widget\" data-widget_type=\"icon.default\">\n\t\t\t\t<div class=\"elementor-widget-container\">\n\t\t\t\t\t<div class=\"elementor-icon-wrapper\">\n\t\t\t<div class=\"elementor-icon\">\n\t\t\t\t\t\t\t<i class=\"fa fa-file-text\" aria-hidden=\"true\"><\/i>\n\t\t\t\t\t\t<\/div>\n\t\t<\/div>\n\t\t\t\t<\/div>\n\t\t\t\t<\/div>\n\t\t\t\t<div class=\"elementor-element elementor-element-bafe91 elementor-widget elementor-widget-heading\" data-id=\"bafe91\" data-element_type=\"widget\" data-widget_type=\"heading.default\">\n\t\t\t\t<div class=\"elementor-widget-container\">\n\t\t\t<h3 class=\"elementor-heading-title elementor-size-large\">Buono a sapersi<\/h3>\t\t<\/div>\n\t\t\t\t<\/div>\n\t\t\t\t<div class=\"elementor-element elementor-element-62adcfdd elementor-widget elementor-widget-text-editor\" data-id=\"62adcfdd\" data-element_type=\"widget\" data-widget_type=\"text-editor.default\">\n\t\t\t\t<div class=\"elementor-widget-container\">\n\t\t\t\t\t\t\t<p>Creato nel 1990, MIPIM \u00e8 diventato il principale forum mondiale per professionisti immobiliari e una piattaforma internazionale per lo scambio. Ogni anno, al Palais des Festivals et des Congr\u00e8s, il futuro di questo settore si decide attraverso nuove collaborazioni e la presentazione di nuove tendenze.<\/p>\n<p>Non esitate a controllare il sito ufficiale <span style=\"font-size: 11.0pt; line-height: 115%; font-family: 'Arial',sans-serif;\"><a href=\"http:\/\/www.mipim.com\" target=\"_blank\" rel=\"noopener\">www.mipim.com<\/a><\/span><\/p>\n\t\t\t\t\t\t<\/div>\n\t\t\t\t<\/div>\n\t\t\t\t\t<\/div>\n\t\t<\/div>\n\t\t\t\t\t\t\t<\/div>\n\t\t<\/section>\n\t\t\t\t<section class=\"elementor-section elementor-top-section elementor-element elementor-element-2ff1b5f9 elementor-section-content-middle elementor-reverse-mobile elementor-section-boxed elementor-section-height-default elementor-section-height-default\" data-id=\"2ff1b5f9\" data-element_type=\"section\" data-settings=\"{&quot;background_background&quot;:&quot;classic&quot;}\">\n\t\t\t\t\t\t<div class=\"elementor-container elementor-column-gap-no\">\n\t\t\t\t\t<div class=\"elementor-column elementor-col-50 elementor-top-column elementor-element elementor-element-678ab9e0\" data-id=\"678ab9e0\" data-element_type=\"column\" data-settings=\"{&quot;background_background&quot;:&quot;classic&quot;}\">\n\t\t\t<div class=\"elementor-widget-wrap elementor-element-populated\">\n\t\t\t\t\t\t\t\t<div class=\"elementor-element elementor-element-3a9ae4f3 elementor-view-default elementor-widget elementor-widget-icon\" data-id=\"3a9ae4f3\" data-element_type=\"widget\" data-widget_type=\"icon.default\">\n\t\t\t\t<div class=\"elementor-widget-container\">\n\t\t\t\t\t<div class=\"elementor-icon-wrapper\">\n\t\t\t<div class=\"elementor-icon\">\n\t\t\t\t\t\t\t<i class=\"fa fa-home\" aria-hidden=\"true\"><\/i>\n\t\t\t\t\t\t<\/div>\n\t\t<\/div>\n\t\t\t\t<\/div>\n\t\t\t\t<\/div>\n\t\t\t\t<div class=\"elementor-element elementor-element-334714a7 elementor-widget elementor-widget-heading\" data-id=\"334714a7\" data-element_type=\"widget\" data-widget_type=\"heading.default\">\n\t\t\t\t<div class=\"elementor-widget-container\">\n\t\t\t<h3 class=\"elementor-heading-title elementor-size-large\">Trova il tuo alloggio per l'evento<\/h3>\t\t<\/div>\n\t\t\t\t<\/div>\n\t\t\t\t<div class=\"elementor-element elementor-element-af5932f elementor-widget elementor-widget-text-editor\" data-id=\"af5932f\" data-element_type=\"widget\" data-widget_type=\"text-editor.default\">\n\t\t\t\t<div class=\"elementor-widget-container\">\n\t\t\t\t\t\t\t<p>Ogni anno, la nostra agenzia accoglie i partecipanti provenienti da tutto il mondo per questa conferenza. <\/p>\n<p>La nostra agenzia offre una vasta selezione di appartamenti completamente attrezzati situati nel centro di Cannes, vicino al Palais des Festivals.<\/p>\n\t\t\t\t\t\t<\/div>\n\t\t\t\t<\/div>\n\t\t\t\t\t<\/div>\n\t\t<\/div>\n\t\t\t\t<div class=\"elementor-column elementor-col-50 elementor-top-column elementor-element elementor-element-55878626\" data-id=\"55878626\" data-element_type=\"column\">\n\t\t\t<div class=\"elementor-widget-wrap elementor-element-populated\">\n\t\t\t\t\t\t\t\t<div class=\"elementor-element elementor-element-66f02238 elementor-widget elementor-widget-image\" data-id=\"66f02238\" data-element_type=\"widget\" data-widget_type=\"image.default\">\n\t\t\t\t<div class=\"elementor-widget-container\">\n\t\t\t\t\t\t\t\t\t\t\t\t\t\t\t<img decoding=\"async\" src=\"https:\/\/www.viva-riviera.com\/wp-content\/uploads\/2019\/05\/Living-Room-3.jpg\" title=\"\" alt=\"\" loading=\"lazy\" \/>\t\t\t\t\t\t\t\t\t\t\t\t\t\t\t<\/div>\n\t\t\t\t<\/div>\n\t\t\t\t\t<\/div>\n\t\t<\/div>\n\t\t\t\t\t\t\t<\/div>\n\t\t<\/section>\n\t\t\t\t\t\t\t<\/div>\n\t\t","protected":false},"excerpt":{"rendered":"<p>Mipim Dal 9 al 13 marzo 2026, il Palais des Festivals ospiter\u00e0 la fiera commerciale pi\u00f9 importante per professionisti immobiliari. Presentazione Questo congresso riunisce i pi\u00f9 influenti attori di tutti i settori del settore immobiliare per quattro giorni di conferenze e networking. Il mercato internazionale&#8230;<\/p>\n","protected":false},"author":10,"featured_media":13828,"parent":14106,"menu_order":0,"comment_status":"closed","ping_status":"closed","template":"elementor_header_footer","meta":{"_exactmetrics_skip_tracking":false,"_exactmetrics_sitenote_active":false,"_exactmetrics_sitenote_note":"","_exactmetrics_sitenote_category":0},"yoast_head":"<!-- This site is optimized with the Yoast SEO plugin v21.8.1 - https:\/\/yoast.com\/wordpress\/plugins\/seo\/ -->\n<title>Mipim - Viva Riviera<\/title>\n<meta name=\"description\" content=\"MIPIM \u00e8 la fiera commerciale pi\u00f9 importante per i professionisti immobiliari. Questo congresso, creato nel 1990 a Cannes, si svolge al Palais des Festivals sulla mitica Croisette. \u00c8 un luogo di incontro eccezionale per concludere accordi, mantenere la propria rete e affrontare i principali temi che riguardano i decisori del settore.\" \/>\n<meta name=\"robots\" content=\"index, follow, max-snippet:-1, max-image-preview:large, max-video-preview:-1\" \/>\n<link rel=\"canonical\" href=\"https:\/\/www.viva-riviera.com\/it\/eventi-a-cannes\/mipim\/\" \/>\n<meta property=\"og:locale\" content=\"it_IT\" \/>\n<meta property=\"og:type\" content=\"article\" \/>\n<meta property=\"og:title\" content=\"Mipim - Viva Riviera\" \/>\n<meta property=\"og:description\" content=\"MIPIM \u00e8 la fiera commerciale pi\u00f9 importante per i professionisti immobiliari. Questo congresso, creato nel 1990 a Cannes, si svolge al Palais des Festivals sulla mitica Croisette. \u00c8 un luogo di incontro eccezionale per concludere accordi, mantenere la propria rete e affrontare i principali temi che riguardano i decisori del settore.\" \/>\n<meta property=\"og:url\" content=\"https:\/\/www.viva-riviera.com\/it\/eventi-a-cannes\/mipim\/\" \/>\n<meta property=\"og:site_name\" content=\"Viva Riviera\" \/>\n<meta property=\"article:publisher\" content=\"https:\/\/www.facebook.com\/vivariviera\" \/>\n<meta property=\"article:modified_time\" content=\"2026-01-08T10:44:13+00:00\" \/>\n<meta property=\"og:image\" content=\"https:\/\/www.viva-riviera.com\/wp-content\/uploads\/2019\/05\/mipim-cannes-event-1.jpg\" \/>\n\t<meta property=\"og:image:width\" content=\"1920\" \/>\n\t<meta property=\"og:image:height\" content=\"1280\" \/>\n\t<meta property=\"og:image:type\" content=\"image\/jpeg\" \/>\n<meta name=\"twitter:card\" content=\"summary_large_image\" \/>\n<meta name=\"twitter:site\" content=\"@Viva_Riviera\" \/>\n<meta name=\"twitter:label1\" content=\"Tempo di lettura stimato\" \/>\n\t<meta name=\"twitter:data1\" content=\"1 minuto\" \/>\n<script type=\"application\/ld+json\" class=\"yoast-schema-graph\">{\"@context\":\"https:\/\/schema.org\",\"@graph\":[{\"@type\":\"WebPage\",\"@id\":\"https:\/\/www.viva-riviera.com\/it\/eventi-a-cannes\/mipim\/\",\"url\":\"https:\/\/www.viva-riviera.com\/it\/eventi-a-cannes\/mipim\/\",\"name\":\"Mipim - Viva Riviera\",\"isPartOf\":{\"@id\":\"https:\/\/www.viva-riviera.com\/it\/#website\"},\"datePublished\":\"2019-10-03T12:06:55+00:00\",\"dateModified\":\"2026-01-08T10:44:13+00:00\",\"description\":\"MIPIM \u00e8 la fiera commerciale pi\u00f9 importante per i professionisti immobiliari. Questo congresso, creato nel 1990 a Cannes, si svolge al Palais des Festivals sulla mitica Croisette. \u00c8 un luogo di incontro eccezionale per concludere accordi, mantenere la propria rete e affrontare i principali temi che riguardano i decisori del settore.\",\"breadcrumb\":{\"@id\":\"https:\/\/www.viva-riviera.com\/it\/eventi-a-cannes\/mipim\/#breadcrumb\"},\"inLanguage\":\"it-IT\",\"potentialAction\":[{\"@type\":\"ReadAction\",\"target\":[\"https:\/\/www.viva-riviera.com\/it\/eventi-a-cannes\/mipim\/\"]}]},{\"@type\":\"BreadcrumbList\",\"@id\":\"https:\/\/www.viva-riviera.com\/it\/eventi-a-cannes\/mipim\/#breadcrumb\",\"itemListElement\":[{\"@type\":\"ListItem\",\"position\":1,\"name\":\"Accueil\",\"item\":\"https:\/\/www.viva-riviera.com\/it\/benvenuto\/\"},{\"@type\":\"ListItem\",\"position\":2,\"name\":\"Eventi a Cannes\",\"item\":\"https:\/\/www.viva-riviera.com\/it\/eventi-a-cannes\/\"},{\"@type\":\"ListItem\",\"position\":3,\"name\":\"Mipim\"}]},{\"@type\":\"WebSite\",\"@id\":\"https:\/\/www.viva-riviera.com\/it\/#website\",\"url\":\"https:\/\/www.viva-riviera.com\/it\/\",\"name\":\"Viva Riviera\",\"description\":\"Location saisonni\u00e8re \u00e0 Cannes\",\"potentialAction\":[{\"@type\":\"SearchAction\",\"target\":{\"@type\":\"EntryPoint\",\"urlTemplate\":\"https:\/\/www.viva-riviera.com\/it\/?s={search_term_string}\"},\"query-input\":\"required name=search_term_string\"}],\"inLanguage\":\"it-IT\"}]}<\/script>\n<!-- \/ Yoast SEO plugin. -->","yoast_head_json":{"title":"Mipim - Viva Riviera","description":"MIPIM \u00e8 la fiera commerciale pi\u00f9 importante per i professionisti immobiliari. Questo congresso, creato nel 1990 a Cannes, si svolge al Palais des Festivals sulla mitica Croisette. \u00c8 un luogo di incontro eccezionale per concludere accordi, mantenere la propria rete e affrontare i principali temi che riguardano i decisori del settore.","robots":{"index":"index","follow":"follow","max-snippet":"max-snippet:-1","max-image-preview":"max-image-preview:large","max-video-preview":"max-video-preview:-1"},"canonical":"https:\/\/www.viva-riviera.com\/it\/eventi-a-cannes\/mipim\/","og_locale":"it_IT","og_type":"article","og_title":"Mipim - Viva Riviera","og_description":"MIPIM \u00e8 la fiera commerciale pi\u00f9 importante per i professionisti immobiliari. Questo congresso, creato nel 1990 a Cannes, si svolge al Palais des Festivals sulla mitica Croisette. \u00c8 un luogo di incontro eccezionale per concludere accordi, mantenere la propria rete e affrontare i principali temi che riguardano i decisori del settore.","og_url":"https:\/\/www.viva-riviera.com\/it\/eventi-a-cannes\/mipim\/","og_site_name":"Viva Riviera","article_publisher":"https:\/\/www.facebook.com\/vivariviera","article_modified_time":"2026-01-08T10:44:13+00:00","og_image":[{"width":1920,"height":1280,"url":"https:\/\/www.viva-riviera.com\/wp-content\/uploads\/2019\/05\/mipim-cannes-event-1.jpg","type":"image\/jpeg"}],"twitter_card":"summary_large_image","twitter_site":"@Viva_Riviera","twitter_misc":{"Tempo di lettura stimato":"1 minuto"},"schema":{"@context":"https:\/\/schema.org","@graph":[{"@type":"WebPage","@id":"https:\/\/www.viva-riviera.com\/it\/eventi-a-cannes\/mipim\/","url":"https:\/\/www.viva-riviera.com\/it\/eventi-a-cannes\/mipim\/","name":"Mipim - Viva Riviera","isPartOf":{"@id":"https:\/\/www.viva-riviera.com\/it\/#website"},"datePublished":"2019-10-03T12:06:55+00:00","dateModified":"2026-01-08T10:44:13+00:00","description":"MIPIM \u00e8 la fiera commerciale pi\u00f9 importante per i professionisti immobiliari. Questo congresso, creato nel 1990 a Cannes, si svolge al Palais des Festivals sulla mitica Croisette. \u00c8 un luogo di incontro eccezionale per concludere accordi, mantenere la propria rete e affrontare i principali temi che riguardano i decisori del settore.","breadcrumb":{"@id":"https:\/\/www.viva-riviera.com\/it\/eventi-a-cannes\/mipim\/#breadcrumb"},"inLanguage":"it-IT","potentialAction":[{"@type":"ReadAction","target":["https:\/\/www.viva-riviera.com\/it\/eventi-a-cannes\/mipim\/"]}]},{"@type":"BreadcrumbList","@id":"https:\/\/www.viva-riviera.com\/it\/eventi-a-cannes\/mipim\/#breadcrumb","itemListElement":[{"@type":"ListItem","position":1,"name":"Accueil","item":"https:\/\/www.viva-riviera.com\/it\/benvenuto\/"},{"@type":"ListItem","position":2,"name":"Eventi a Cannes","item":"https:\/\/www.viva-riviera.com\/it\/eventi-a-cannes\/"},{"@type":"ListItem","position":3,"name":"Mipim"}]},{"@type":"WebSite","@id":"https:\/\/www.viva-riviera.com\/it\/#website","url":"https:\/\/www.viva-riviera.com\/it\/","name":"Viva Riviera","description":"Location saisonni\u00e8re \u00e0 Cannes","potentialAction":[{"@type":"SearchAction","target":{"@type":"EntryPoint","urlTemplate":"https:\/\/www.viva-riviera.com\/it\/?s={search_term_string}"},"query-input":"required name=search_term_string"}],"inLanguage":"it-IT"}]}},"_links":{"self":[{"href":"https:\/\/www.viva-riviera.com\/it\/wp-json\/wp\/v2\/pages\/13818"}],"collection":[{"href":"https:\/\/www.viva-riviera.com\/it\/wp-json\/wp\/v2\/pages"}],"about":[{"href":"https:\/\/www.viva-riviera.com\/it\/wp-json\/wp\/v2\/types\/page"}],"author":[{"embeddable":true,"href":"https:\/\/www.viva-riviera.com\/it\/wp-json\/wp\/v2\/users\/10"}],"replies":[{"embeddable":true,"href":"https:\/\/www.viva-riviera.com\/it\/wp-json\/wp\/v2\/comments?post=13818"}],"version-history":[{"count":6,"href":"https:\/\/www.viva-riviera.com\/it\/wp-json\/wp\/v2\/pages\/13818\/revisions"}],"predecessor-version":[{"id":46515,"href":"https:\/\/www.viva-riviera.com\/it\/wp-json\/wp\/v2\/pages\/13818\/revisions\/46515"}],"up":[{"embeddable":true,"href":"https:\/\/www.viva-riviera.com\/it\/wp-json\/wp\/v2\/pages\/14106"}],"wp:featuredmedia":[{"embeddable":true,"href":"https:\/\/www.viva-riviera.com\/it\/wp-json\/wp\/v2\/media\/13828"}],"wp:attachment":[{"href":"https:\/\/www.viva-riviera.com\/it\/wp-json\/wp\/v2\/media?parent=13818"}],"curies":[{"name":"wp","href":"https:\/\/api.w.org\/{rel}","templated":true}]}}