{"id":13751,"date":"2019-10-03T13:42:59","date_gmt":"2019-10-03T11:42:59","guid":{"rendered":"https:\/\/www.viva-riviera.com\/festival-di-cannes\/"},"modified":"2022-07-15T15:42:46","modified_gmt":"2022-07-15T13:42:46","slug":"festival-di-cannes","status":"publish","type":"page","link":"https:\/\/www.viva-riviera.com\/it\/eventi-a-cannes\/festival-di-cannes\/","title":{"rendered":"Festival di Cannes"},"content":{"rendered":"\t\t<div data-elementor-type=\"wp-post\" data-elementor-id=\"13751\" class=\"elementor elementor-13751 elementor-7577\">\n\t\t\t\t\t\t\t\t\t<section class=\"elementor-section elementor-top-section elementor-element elementor-element-90a804b elementor-section-boxed elementor-section-height-default elementor-section-height-default\" data-id=\"90a804b\" data-element_type=\"section\" data-settings=\"{&quot;background_background&quot;:&quot;classic&quot;}\">\n\t\t\t\t\t\t\t<div class=\"elementor-background-overlay\"><\/div>\n\t\t\t\t\t\t\t<div class=\"elementor-container elementor-column-gap-default\">\n\t\t\t\t\t<div class=\"elementor-column elementor-col-50 elementor-top-column elementor-element elementor-element-143f5a7f\" data-id=\"143f5a7f\" data-element_type=\"column\">\n\t\t\t<div class=\"elementor-widget-wrap elementor-element-populated\">\n\t\t\t\t\t\t\t\t<div class=\"elementor-element elementor-element-9f8fb56 elementor-widget elementor-widget-video\" data-id=\"9f8fb56\" data-element_type=\"widget\" data-settings=\"{&quot;youtube_url&quot;:&quot;https:\\\/\\\/www.youtube.com\\\/watch?v=LbJiWN8hE9E&quot;,&quot;autoplay&quot;:&quot;yes&quot;,&quot;mute&quot;:&quot;yes&quot;,&quot;video_type&quot;:&quot;youtube&quot;,&quot;controls&quot;:&quot;yes&quot;}\" data-widget_type=\"video.default\">\n\t\t\t\t<div class=\"elementor-widget-container\">\n\t\t\t\t\t<div class=\"elementor-wrapper elementor-open-inline\">\n\t\t\t<div class=\"elementor-video\"><\/div>\t\t<\/div>\n\t\t\t\t<\/div>\n\t\t\t\t<\/div>\n\t\t\t\t\t<\/div>\n\t\t<\/div>\n\t\t\t\t<div class=\"elementor-column elementor-col-50 elementor-top-column elementor-element elementor-element-1f566e8a\" data-id=\"1f566e8a\" data-element_type=\"column\">\n\t\t\t<div class=\"elementor-widget-wrap elementor-element-populated\">\n\t\t\t\t\t\t\t\t<div class=\"elementor-element elementor-element-45c3ecb4 elementor-widget elementor-widget-heading\" data-id=\"45c3ecb4\" data-element_type=\"widget\" data-widget_type=\"heading.default\">\n\t\t\t\t<div class=\"elementor-widget-container\">\n\t\t\t<h2 class=\"elementor-heading-title elementor-size-large\">Festival del cinema<\/h2>\t\t<\/div>\n\t\t\t\t<\/div>\n\t\t\t\t<div class=\"elementor-element elementor-element-7af7ff0a elementor-widget elementor-widget-text-editor\" data-id=\"7af7ff0a\" data-element_type=\"widget\" data-widget_type=\"text-editor.default\">\n\t\t\t\t<div class=\"elementor-widget-container\">\n\t\t\t\t\t\t\t<p style=\"text-align: left;\">Dal 17 al 28 maggio 2022 il famoso Festival di Cannes premia le migliori opere dell&#8217;anno.<\/p>\t\t\t\t\t\t<\/div>\n\t\t\t\t<\/div>\n\t\t\t\t\t<\/div>\n\t\t<\/div>\n\t\t\t\t\t\t\t<\/div>\n\t\t<\/section>\n\t\t\t\t<section class=\"elementor-section elementor-top-section elementor-element elementor-element-17083cbd elementor-section-content-middle elementor-reverse-mobile elementor-section-boxed elementor-section-height-default elementor-section-height-default\" data-id=\"17083cbd\" data-element_type=\"section\" data-settings=\"{&quot;background_background&quot;:&quot;classic&quot;}\">\n\t\t\t\t\t\t<div class=\"elementor-container elementor-column-gap-default\">\n\t\t\t\t\t<div class=\"elementor-column elementor-col-50 elementor-top-column elementor-element elementor-element-65cc5eb6\" data-id=\"65cc5eb6\" data-element_type=\"column\">\n\t\t\t<div class=\"elementor-widget-wrap elementor-element-populated\">\n\t\t\t\t\t\t\t\t<div class=\"elementor-element elementor-element-20b0fc2c elementor-view-stacked elementor-position-left elementor-shape-square elementor-mobile-position-top elementor-vertical-align-top elementor-widget elementor-widget-icon-box\" data-id=\"20b0fc2c\" data-element_type=\"widget\" data-widget_type=\"icon-box.default\">\n\t\t\t\t<div class=\"elementor-widget-container\">\n\t\t\t\t\t<div class=\"elementor-icon-box-wrapper\">\n\t\t\t\t\t\t<div class=\"elementor-icon-box-icon\">\n\t\t\t\t<span  class=\"elementor-icon elementor-animation-\">\n\t\t\t\t<i class=\"fa fa-connectdevelop\" aria-hidden=\"true\"><\/i>\t\t\t\t<\/span>\n\t\t\t<\/div>\n\t\t\t\t\t\t<div class=\"elementor-icon-box-content\">\n\t\t\t\t<h3 class=\"elementor-icon-box-title\">\n\t\t\t\t\t<span  >\n\t\t\t\t\t\tPresentazione\t\t\t\t\t<\/span>\n\t\t\t\t<\/h3>\n\t\t\t\t\t\t\t\t\t<p class=\"elementor-icon-box-description\">\n\t\t\t\t\t\tL'evento \u00e8 diventato il pi\u00f9 grande festival cinematografico del mondo. Ogni anno, durante la seconda met\u00e0 di maggio, il festival \u00e8 <span style=\"background-color: rgb(255, 255, 255);\">l'orgoglio della citt\u00e0 di Cannes. dei<\/span>registi, celebrit\u00e0, professionisti dell'industria cinematografica e migliaia di giornalisti fanno il viaggio. Questo festival riflette la duplice natura della settima arte, tanto arte quanto l'industria, e promuove rivelazioni artistiche e incontri professionali.\t\t\t\t\t<\/p>\n\t\t\t\t\t\t\t<\/div>\n\t\t<\/div>\n\t\t\t\t<\/div>\n\t\t\t\t<\/div>\n\t\t\t\t\t<\/div>\n\t\t<\/div>\n\t\t\t\t<div class=\"elementor-column elementor-col-50 elementor-top-column elementor-element elementor-element-4421dda4\" data-id=\"4421dda4\" data-element_type=\"column\">\n\t\t\t<div class=\"elementor-widget-wrap elementor-element-populated\">\n\t\t\t\t\t\t\t\t<div class=\"elementor-element elementor-element-3189232f elementor-widget elementor-widget-image\" data-id=\"3189232f\" data-element_type=\"widget\" data-widget_type=\"image.default\">\n\t\t\t\t<div class=\"elementor-widget-container\">\n\t\t\t\t\t\t\t\t\t\t\t\t\t\t\t<img decoding=\"async\" width=\"1024\" height=\"1021\" src=\"https:\/\/www.viva-riviera.com\/wp-content\/uploads\/2019\/05\/cannes-festival-1024x1021.jpg\" class=\"attachment-large size-large wp-image-13752\" alt=\"Festival di Cannes\" srcset=\"https:\/\/www.viva-riviera.com\/wp-content\/uploads\/2019\/05\/cannes-festival.jpg 1024w, https:\/\/www.viva-riviera.com\/wp-content\/uploads\/2019\/05\/cannes-festival-150x150.jpg 150w, https:\/\/www.viva-riviera.com\/wp-content\/uploads\/2019\/05\/cannes-festival-300x300.jpg 300w, https:\/\/www.viva-riviera.com\/wp-content\/uploads\/2019\/05\/cannes-festival-768x766.jpg 768w\" sizes=\"(max-width: 1024px) 100vw, 1024px\" \/>\t\t\t\t\t\t\t\t\t\t\t\t\t\t\t<\/div>\n\t\t\t\t<\/div>\n\t\t\t\t\t<\/div>\n\t\t<\/div>\n\t\t\t\t\t\t\t<\/div>\n\t\t<\/section>\n\t\t\t\t<section class=\"elementor-section elementor-top-section elementor-element elementor-element-66e21bf9 elementor-section-content-middle elementor-section-boxed elementor-section-height-default elementor-section-height-default\" data-id=\"66e21bf9\" data-element_type=\"section\" data-settings=\"{&quot;background_background&quot;:&quot;classic&quot;}\">\n\t\t\t\t\t\t<div class=\"elementor-container elementor-column-gap-no\">\n\t\t\t\t\t<div class=\"elementor-column elementor-col-50 elementor-top-column elementor-element elementor-element-77c9193a\" data-id=\"77c9193a\" data-element_type=\"column\" data-settings=\"{&quot;background_background&quot;:&quot;classic&quot;}\">\n\t\t\t<div class=\"elementor-widget-wrap\">\n\t\t\t\t\t\t\t\t\t<\/div>\n\t\t<\/div>\n\t\t\t\t<div class=\"elementor-column elementor-col-50 elementor-top-column elementor-element elementor-element-7a36a59\" data-id=\"7a36a59\" data-element_type=\"column\" data-settings=\"{&quot;background_background&quot;:&quot;classic&quot;}\">\n\t\t\t<div class=\"elementor-widget-wrap elementor-element-populated\">\n\t\t\t\t\t\t\t\t<div class=\"elementor-element elementor-element-157c4ed5 elementor-view-default elementor-widget elementor-widget-icon\" data-id=\"157c4ed5\" data-element_type=\"widget\" data-widget_type=\"icon.default\">\n\t\t\t\t<div class=\"elementor-widget-container\">\n\t\t\t\t\t<div class=\"elementor-icon-wrapper\">\n\t\t\t<div class=\"elementor-icon\">\n\t\t\t\t\t\t\t<i class=\"fa fa-file-text\" aria-hidden=\"true\"><\/i>\n\t\t\t\t\t\t<\/div>\n\t\t<\/div>\n\t\t\t\t<\/div>\n\t\t\t\t<\/div>\n\t\t\t\t<div class=\"elementor-element elementor-element-612f8ab5 elementor-widget elementor-widget-heading\" data-id=\"612f8ab5\" data-element_type=\"widget\" data-widget_type=\"heading.default\">\n\t\t\t\t<div class=\"elementor-widget-container\">\n\t\t\t<h3 class=\"elementor-heading-title elementor-size-large\">Buono a sapersi<\/h3>\t\t<\/div>\n\t\t\t\t<\/div>\n\t\t\t\t<div class=\"elementor-element elementor-element-12f4a066 elementor-widget elementor-widget-text-editor\" data-id=\"12f4a066\" data-element_type=\"widget\" data-widget_type=\"text-editor.default\">\n\t\t\t\t<div class=\"elementor-widget-container\">\n\t\t\t\t\t\t\t<p>Per la prima volta, il discorso del maestro di cerimonie , la presentazione della giuria e la trasmissione del film di apertura &#8220;I morti non muoiono&#8221; sar\u00e0 riservato non solo ai frequentatori del festival di Cannes, ma anche al pubblico, in pi\u00f9 di 550 cinema francesi. . Il prestigioso film zombie di Jarmusch uscir\u00e0 contemporaneamente nei cinema francesi la sera del 14 maggio.<\/p><p>Non esitate a controllare il sito ufficiale <span style=\"font-size: 11.0pt; line-height: 115%; font-family: 'Arial',sans-serif;\"><a href=\"https:\/\/www.festival-cannes.com\/fr\/\" target=\"_blank\" rel=\"noopener\">www.festival-cannes.com<\/a><\/span><\/p>\t\t\t\t\t\t<\/div>\n\t\t\t\t<\/div>\n\t\t\t\t\t<\/div>\n\t\t<\/div>\n\t\t\t\t\t\t\t<\/div>\n\t\t<\/section>\n\t\t\t\t<section class=\"elementor-section elementor-top-section elementor-element elementor-element-53b046f1 elementor-section-content-middle elementor-reverse-mobile elementor-section-boxed elementor-section-height-default elementor-section-height-default\" data-id=\"53b046f1\" data-element_type=\"section\" data-settings=\"{&quot;background_background&quot;:&quot;classic&quot;}\">\n\t\t\t\t\t\t<div class=\"elementor-container elementor-column-gap-no\">\n\t\t\t\t\t<div class=\"elementor-column elementor-col-50 elementor-top-column elementor-element elementor-element-65be7097\" data-id=\"65be7097\" data-element_type=\"column\" data-settings=\"{&quot;background_background&quot;:&quot;classic&quot;}\">\n\t\t\t<div class=\"elementor-widget-wrap elementor-element-populated\">\n\t\t\t\t\t\t\t\t<div class=\"elementor-element elementor-element-6e81acf elementor-view-default elementor-widget elementor-widget-icon\" data-id=\"6e81acf\" data-element_type=\"widget\" data-widget_type=\"icon.default\">\n\t\t\t\t<div class=\"elementor-widget-container\">\n\t\t\t\t\t<div class=\"elementor-icon-wrapper\">\n\t\t\t<div class=\"elementor-icon\">\n\t\t\t\t\t\t\t<i class=\"fa fa-home\" aria-hidden=\"true\"><\/i>\n\t\t\t\t\t\t<\/div>\n\t\t<\/div>\n\t\t\t\t<\/div>\n\t\t\t\t<\/div>\n\t\t\t\t<div class=\"elementor-element elementor-element-300ae61e elementor-widget elementor-widget-heading\" data-id=\"300ae61e\" data-element_type=\"widget\" data-widget_type=\"heading.default\">\n\t\t\t\t<div class=\"elementor-widget-container\">\n\t\t\t<h3 class=\"elementor-heading-title elementor-size-large\">Trova il tuo alloggio per l'evento<\/h3>\t\t<\/div>\n\t\t\t\t<\/div>\n\t\t\t\t<div class=\"elementor-element elementor-element-5566e97e elementor-widget elementor-widget-text-editor\" data-id=\"5566e97e\" data-element_type=\"widget\" data-widget_type=\"text-editor.default\">\n\t\t\t\t<div class=\"elementor-widget-container\">\n\t\t\t\t\t\t\t<p>Ogni anno, la nostra agenzia accoglie i partecipanti provenienti da tutto il mondo per questa conferenza. <\/p><p>La nostra agenzia offre una vasta selezione di appartamenti completamente attrezzati situati nel centro di Cannes, vicino al Palais des Festivals.<\/p>\t\t\t\t\t\t<\/div>\n\t\t\t\t<\/div>\n\t\t\t\t\t<\/div>\n\t\t<\/div>\n\t\t\t\t<div class=\"elementor-column elementor-col-50 elementor-top-column elementor-element elementor-element-16e572f0\" data-id=\"16e572f0\" data-element_type=\"column\">\n\t\t\t<div class=\"elementor-widget-wrap elementor-element-populated\">\n\t\t\t\t\t\t\t\t<div class=\"elementor-element elementor-element-3606628d elementor-widget elementor-widget-image\" data-id=\"3606628d\" data-element_type=\"widget\" data-widget_type=\"image.default\">\n\t\t\t\t<div class=\"elementor-widget-container\">\n\t\t\t\t\t\t\t\t\t\t\t\t\t\t\t<img decoding=\"async\" src=\"https:\/\/www.viva-riviera.com\/wp-content\/uploads\/2019\/05\/Living-Room-3.jpg\" title=\"\" alt=\"\" loading=\"lazy\" \/>\t\t\t\t\t\t\t\t\t\t\t\t\t\t\t<\/div>\n\t\t\t\t<\/div>\n\t\t\t\t\t<\/div>\n\t\t<\/div>\n\t\t\t\t\t\t\t<\/div>\n\t\t<\/section>\n\t\t\t\t\t\t\t<\/div>\n\t\t","protected":false},"excerpt":{"rendered":"<p>Festival del cinema Dal 17 al 28 maggio 2022 il famoso Festival di Cannes premia le migliori opere dell&#8217;anno. Presentazione L&#8217;evento \u00e8 diventato il pi\u00f9 grande festival cinematografico del mondo. Ogni anno, durante la seconda met\u00e0 di maggio, il festival \u00e8 l&#8217;orgoglio della citt\u00e0 di&#8230;<\/p>\n","protected":false},"author":10,"featured_media":0,"parent":14106,"menu_order":0,"comment_status":"closed","ping_status":"closed","template":"elementor_header_footer","meta":{"_exactmetrics_skip_tracking":false,"_exactmetrics_sitenote_active":false,"_exactmetrics_sitenote_note":"","_exactmetrics_sitenote_category":0},"yoast_head":"<!-- This site is optimized with the Yoast SEO plugin v21.8.1 - https:\/\/yoast.com\/wordpress\/plugins\/seo\/ -->\n<title>Festival di Cannes - Viva Riviera<\/title>\n<meta name=\"robots\" content=\"index, follow, max-snippet:-1, max-image-preview:large, max-video-preview:-1\" \/>\n<link rel=\"canonical\" href=\"https:\/\/www.viva-riviera.com\/it\/eventi-a-cannes\/festival-di-cannes\/\" \/>\n<meta property=\"og:locale\" content=\"it_IT\" \/>\n<meta property=\"og:type\" content=\"article\" \/>\n<meta property=\"og:title\" content=\"Festival di Cannes - Viva Riviera\" \/>\n<meta property=\"og:description\" content=\"Festival del cinema Dal 17 al 28 maggio 2022 il famoso Festival di Cannes premia le migliori opere dell&#8217;anno. Presentazione L&#8217;evento \u00e8 diventato il pi\u00f9 grande festival cinematografico del mondo. Ogni anno, durante la seconda met\u00e0 di maggio, il festival \u00e8 l&#8217;orgoglio della citt\u00e0 di...\" \/>\n<meta property=\"og:url\" content=\"https:\/\/www.viva-riviera.com\/it\/eventi-a-cannes\/festival-di-cannes\/\" \/>\n<meta property=\"og:site_name\" content=\"Viva Riviera\" \/>\n<meta property=\"article:publisher\" content=\"https:\/\/www.facebook.com\/vivariviera\" \/>\n<meta property=\"article:modified_time\" content=\"2022-07-15T13:42:46+00:00\" \/>\n<meta property=\"og:image\" content=\"https:\/\/www.viva-riviera.com\/wp-content\/uploads\/2019\/05\/cannes-festival-1024x1021.jpg\" \/>\n<meta name=\"twitter:card\" content=\"summary_large_image\" \/>\n<meta name=\"twitter:site\" content=\"@Viva_Riviera\" \/>\n<meta name=\"twitter:label1\" content=\"Tempo di lettura stimato\" \/>\n\t<meta name=\"twitter:data1\" content=\"1 minuto\" \/>\n<script type=\"application\/ld+json\" class=\"yoast-schema-graph\">{\"@context\":\"https:\/\/schema.org\",\"@graph\":[{\"@type\":\"WebPage\",\"@id\":\"https:\/\/www.viva-riviera.com\/it\/eventi-a-cannes\/festival-di-cannes\/\",\"url\":\"https:\/\/www.viva-riviera.com\/it\/eventi-a-cannes\/festival-di-cannes\/\",\"name\":\"Festival di Cannes - Viva Riviera\",\"isPartOf\":{\"@id\":\"https:\/\/www.viva-riviera.com\/it\/#website\"},\"datePublished\":\"2019-10-03T11:42:59+00:00\",\"dateModified\":\"2022-07-15T13:42:46+00:00\",\"breadcrumb\":{\"@id\":\"https:\/\/www.viva-riviera.com\/it\/eventi-a-cannes\/festival-di-cannes\/#breadcrumb\"},\"inLanguage\":\"it-IT\",\"potentialAction\":[{\"@type\":\"ReadAction\",\"target\":[\"https:\/\/www.viva-riviera.com\/it\/eventi-a-cannes\/festival-di-cannes\/\"]}]},{\"@type\":\"BreadcrumbList\",\"@id\":\"https:\/\/www.viva-riviera.com\/it\/eventi-a-cannes\/festival-di-cannes\/#breadcrumb\",\"itemListElement\":[{\"@type\":\"ListItem\",\"position\":1,\"name\":\"Accueil\",\"item\":\"https:\/\/www.viva-riviera.com\/it\/benvenuto\/\"},{\"@type\":\"ListItem\",\"position\":2,\"name\":\"Eventi a Cannes\",\"item\":\"https:\/\/www.viva-riviera.com\/it\/eventi-a-cannes\/\"},{\"@type\":\"ListItem\",\"position\":3,\"name\":\"Festival di Cannes\"}]},{\"@type\":\"WebSite\",\"@id\":\"https:\/\/www.viva-riviera.com\/it\/#website\",\"url\":\"https:\/\/www.viva-riviera.com\/it\/\",\"name\":\"Viva Riviera\",\"description\":\"Location saisonni\u00e8re \u00e0 Cannes\",\"potentialAction\":[{\"@type\":\"SearchAction\",\"target\":{\"@type\":\"EntryPoint\",\"urlTemplate\":\"https:\/\/www.viva-riviera.com\/it\/?s={search_term_string}\"},\"query-input\":\"required name=search_term_string\"}],\"inLanguage\":\"it-IT\"}]}<\/script>\n<!-- \/ Yoast SEO plugin. -->","yoast_head_json":{"title":"Festival di Cannes - Viva Riviera","robots":{"index":"index","follow":"follow","max-snippet":"max-snippet:-1","max-image-preview":"max-image-preview:large","max-video-preview":"max-video-preview:-1"},"canonical":"https:\/\/www.viva-riviera.com\/it\/eventi-a-cannes\/festival-di-cannes\/","og_locale":"it_IT","og_type":"article","og_title":"Festival di Cannes - Viva Riviera","og_description":"Festival del cinema Dal 17 al 28 maggio 2022 il famoso Festival di Cannes premia le migliori opere dell&#8217;anno. Presentazione L&#8217;evento \u00e8 diventato il pi\u00f9 grande festival cinematografico del mondo. Ogni anno, durante la seconda met\u00e0 di maggio, il festival \u00e8 l&#8217;orgoglio della citt\u00e0 di...","og_url":"https:\/\/www.viva-riviera.com\/it\/eventi-a-cannes\/festival-di-cannes\/","og_site_name":"Viva Riviera","article_publisher":"https:\/\/www.facebook.com\/vivariviera","article_modified_time":"2022-07-15T13:42:46+00:00","og_image":[{"url":"https:\/\/www.viva-riviera.com\/wp-content\/uploads\/2019\/05\/cannes-festival-1024x1021.jpg"}],"twitter_card":"summary_large_image","twitter_site":"@Viva_Riviera","twitter_misc":{"Tempo di lettura stimato":"1 minuto"},"schema":{"@context":"https:\/\/schema.org","@graph":[{"@type":"WebPage","@id":"https:\/\/www.viva-riviera.com\/it\/eventi-a-cannes\/festival-di-cannes\/","url":"https:\/\/www.viva-riviera.com\/it\/eventi-a-cannes\/festival-di-cannes\/","name":"Festival di Cannes - Viva Riviera","isPartOf":{"@id":"https:\/\/www.viva-riviera.com\/it\/#website"},"datePublished":"2019-10-03T11:42:59+00:00","dateModified":"2022-07-15T13:42:46+00:00","breadcrumb":{"@id":"https:\/\/www.viva-riviera.com\/it\/eventi-a-cannes\/festival-di-cannes\/#breadcrumb"},"inLanguage":"it-IT","potentialAction":[{"@type":"ReadAction","target":["https:\/\/www.viva-riviera.com\/it\/eventi-a-cannes\/festival-di-cannes\/"]}]},{"@type":"BreadcrumbList","@id":"https:\/\/www.viva-riviera.com\/it\/eventi-a-cannes\/festival-di-cannes\/#breadcrumb","itemListElement":[{"@type":"ListItem","position":1,"name":"Accueil","item":"https:\/\/www.viva-riviera.com\/it\/benvenuto\/"},{"@type":"ListItem","position":2,"name":"Eventi a Cannes","item":"https:\/\/www.viva-riviera.com\/it\/eventi-a-cannes\/"},{"@type":"ListItem","position":3,"name":"Festival di Cannes"}]},{"@type":"WebSite","@id":"https:\/\/www.viva-riviera.com\/it\/#website","url":"https:\/\/www.viva-riviera.com\/it\/","name":"Viva Riviera","description":"Location saisonni\u00e8re \u00e0 Cannes","potentialAction":[{"@type":"SearchAction","target":{"@type":"EntryPoint","urlTemplate":"https:\/\/www.viva-riviera.com\/it\/?s={search_term_string}"},"query-input":"required name=search_term_string"}],"inLanguage":"it-IT"}]}},"_links":{"self":[{"href":"https:\/\/www.viva-riviera.com\/it\/wp-json\/wp\/v2\/pages\/13751"}],"collection":[{"href":"https:\/\/www.viva-riviera.com\/it\/wp-json\/wp\/v2\/pages"}],"about":[{"href":"https:\/\/www.viva-riviera.com\/it\/wp-json\/wp\/v2\/types\/page"}],"author":[{"embeddable":true,"href":"https:\/\/www.viva-riviera.com\/it\/wp-json\/wp\/v2\/users\/10"}],"replies":[{"embeddable":true,"href":"https:\/\/www.viva-riviera.com\/it\/wp-json\/wp\/v2\/comments?post=13751"}],"version-history":[{"count":5,"href":"https:\/\/www.viva-riviera.com\/it\/wp-json\/wp\/v2\/pages\/13751\/revisions"}],"predecessor-version":[{"id":34791,"href":"https:\/\/www.viva-riviera.com\/it\/wp-json\/wp\/v2\/pages\/13751\/revisions\/34791"}],"up":[{"embeddable":true,"href":"https:\/\/www.viva-riviera.com\/it\/wp-json\/wp\/v2\/pages\/14106"}],"wp:attachment":[{"href":"https:\/\/www.viva-riviera.com\/it\/wp-json\/wp\/v2\/media?parent=13751"}],"curies":[{"name":"wp","href":"https:\/\/api.w.org\/{rel}","templated":true}]}}