{"id":38782,"date":"2023-04-26T10:38:06","date_gmt":"2023-04-26T08:38:06","guid":{"rendered":"https:\/\/www.viva-riviera.com\/welcome-charter\/"},"modified":"2024-02-02T17:16:32","modified_gmt":"2024-02-02T16:16:32","slug":"welcome-charter","status":"publish","type":"page","link":"https:\/\/www.viva-riviera.com\/en\/welcome-charter\/","title":{"rendered":"Welcome Charter"},"content":{"rendered":"\t\t<div data-elementor-type=\"wp-page\" data-elementor-id=\"38782\" class=\"elementor elementor-38782 elementor-38684\">\n\t\t\t\t\t\t\t\t\t<section class=\"elementor-section elementor-top-section elementor-element elementor-element-9f9dbe5 elementor-section-boxed elementor-section-height-default elementor-section-height-default\" data-id=\"9f9dbe5\" data-element_type=\"section\">\n\t\t\t\t\t\t<div class=\"elementor-container elementor-column-gap-default\">\n\t\t\t\t\t<div class=\"elementor-column elementor-col-100 elementor-top-column elementor-element elementor-element-4eec292\" data-id=\"4eec292\" data-element_type=\"column\">\n\t\t\t<div class=\"elementor-widget-wrap elementor-element-populated\">\n\t\t\t\t\t\t\t\t<div class=\"elementor-element elementor-element-448b894 elementor-widget elementor-widget-heading\" data-id=\"448b894\" data-element_type=\"widget\" data-widget_type=\"heading.default\">\n\t\t\t\t<div class=\"elementor-widget-container\">\n\t\t\t<h2 class=\"elementor-heading-title elementor-size-default\">Welcome Charter<\/h2>\t\t<\/div>\n\t\t\t\t<\/div>\n\t\t\t\t\t<\/div>\n\t\t<\/div>\n\t\t\t\t\t\t\t<\/div>\n\t\t<\/section>\n\t\t\t\t<section class=\"elementor-section elementor-top-section elementor-element elementor-element-5821fd5 elementor-section-boxed elementor-section-height-default elementor-section-height-default\" data-id=\"5821fd5\" data-element_type=\"section\">\n\t\t\t\t\t\t<div class=\"elementor-container elementor-column-gap-default\">\n\t\t\t\t\t<div class=\"elementor-column elementor-col-100 elementor-top-column elementor-element elementor-element-d37832d\" data-id=\"d37832d\" data-element_type=\"column\">\n\t\t\t<div class=\"elementor-widget-wrap elementor-element-populated\">\n\t\t\t\t\t\t\t\t\t<\/div>\n\t\t<\/div>\n\t\t\t\t\t\t\t<\/div>\n\t\t<\/section>\n\t\t\t\t<section class=\"elementor-section elementor-top-section elementor-element elementor-element-ea297c9 elementor-section-boxed elementor-section-height-default elementor-section-height-default\" data-id=\"ea297c9\" data-element_type=\"section\">\n\t\t\t\t\t\t<div class=\"elementor-container elementor-column-gap-default\">\n\t\t\t\t\t<div class=\"elementor-column elementor-col-100 elementor-top-column elementor-element elementor-element-f295e3b\" data-id=\"f295e3b\" data-element_type=\"column\">\n\t\t\t<div class=\"elementor-widget-wrap\">\n\t\t\t\t\t\t\t\t\t<\/div>\n\t\t<\/div>\n\t\t\t\t\t\t\t<\/div>\n\t\t<\/section>\n\t\t\t\t<section class=\"elementor-section elementor-top-section elementor-element elementor-element-976f3d4 elementor-section-boxed elementor-section-height-default elementor-section-height-default\" data-id=\"976f3d4\" data-element_type=\"section\">\n\t\t\t\t\t\t<div class=\"elementor-container elementor-column-gap-default\">\n\t\t\t\t\t<div class=\"elementor-column elementor-col-100 elementor-top-column elementor-element elementor-element-33fd435\" data-id=\"33fd435\" data-element_type=\"column\">\n\t\t\t<div class=\"elementor-widget-wrap elementor-element-populated\">\n\t\t\t\t\t\t\t\t<div class=\"elementor-element elementor-element-7e21c48 elementor-widget elementor-widget-heading\" data-id=\"7e21c48\" data-element_type=\"widget\" data-widget_type=\"heading.default\">\n\t\t\t\t<div class=\"elementor-widget-container\">\n\t\t\t<h2 class=\"elementor-heading-title elementor-size-default\">Welcome Charter<\/h2>\t\t<\/div>\n\t\t\t\t<\/div>\n\t\t\t\t\t<\/div>\n\t\t<\/div>\n\t\t\t\t\t\t\t<\/div>\n\t\t<\/section>\n\t\t\t\t<section class=\"elementor-section elementor-top-section elementor-element elementor-element-b1507a0 elementor-section-boxed elementor-section-height-default elementor-section-height-default\" data-id=\"b1507a0\" data-element_type=\"section\">\n\t\t\t\t\t\t<div class=\"elementor-container elementor-column-gap-default\">\n\t\t\t\t\t<div class=\"elementor-column elementor-col-100 elementor-top-column elementor-element elementor-element-08b5598\" data-id=\"08b5598\" data-element_type=\"column\">\n\t\t\t<div class=\"elementor-widget-wrap elementor-element-populated\">\n\t\t\t\t\t\t\t\t<div class=\"elementor-element elementor-element-d12a0aa elementor-widget elementor-widget-spacer\" data-id=\"d12a0aa\" data-element_type=\"widget\" data-widget_type=\"spacer.default\">\n\t\t\t\t<div class=\"elementor-widget-container\">\n\t\t\t\t\t<div class=\"elementor-spacer\">\n\t\t\t<div class=\"elementor-spacer-inner\"><\/div>\n\t\t<\/div>\n\t\t\t\t<\/div>\n\t\t\t\t<\/div>\n\t\t\t\t\t<\/div>\n\t\t<\/div>\n\t\t\t\t\t\t\t<\/div>\n\t\t<\/section>\n\t\t\t\t<section class=\"elementor-section elementor-top-section elementor-element elementor-element-37c82bf elementor-section-boxed elementor-section-height-default elementor-section-height-default\" data-id=\"37c82bf\" data-element_type=\"section\">\n\t\t\t\t\t\t<div class=\"elementor-container elementor-column-gap-default\">\n\t\t\t\t\t<div class=\"elementor-column elementor-col-100 elementor-top-column elementor-element elementor-element-cf34fdb\" data-id=\"cf34fdb\" data-element_type=\"column\">\n\t\t\t<div class=\"elementor-widget-wrap elementor-element-populated\">\n\t\t\t\t\t\t\t\t<div class=\"elementor-element elementor-element-045a857 elementor-arrows-position-inside elementor-pagination-position-outside elementor-widget elementor-widget-image-carousel\" data-id=\"045a857\" data-element_type=\"widget\" data-settings=\"{&quot;slides_to_show&quot;:&quot;1&quot;,&quot;navigation&quot;:&quot;both&quot;,&quot;autoplay&quot;:&quot;yes&quot;,&quot;pause_on_hover&quot;:&quot;yes&quot;,&quot;pause_on_interaction&quot;:&quot;yes&quot;,&quot;autoplay_speed&quot;:5000,&quot;infinite&quot;:&quot;yes&quot;,&quot;effect&quot;:&quot;slide&quot;,&quot;speed&quot;:500}\" data-widget_type=\"image-carousel.default\">\n\t\t\t\t<div class=\"elementor-widget-container\">\n\t\t\t\t\t<div class=\"elementor-image-carousel-wrapper swiper-container\" dir=\"ltr\">\n\t\t\t<div class=\"elementor-image-carousel swiper-wrapper\" aria-live=\"off\">\n\t\t\t\t\t\t\t\t<div class=\"swiper-slide\" role=\"group\" aria-roledescription=\"slide\" aria-label=\"1 of 23\"><figure class=\"swiper-slide-inner\"><img decoding=\"async\" class=\"swiper-slide-image\" src=\"https:\/\/www.viva-riviera.com\/wp-content\/uploads\/2024\/02\/1-768x1086.png\" alt=\"1\" \/><\/figure><\/div><div class=\"swiper-slide\" role=\"group\" aria-roledescription=\"slide\" aria-label=\"2 of 23\"><figure class=\"swiper-slide-inner\"><img decoding=\"async\" class=\"swiper-slide-image\" src=\"https:\/\/www.viva-riviera.com\/wp-content\/uploads\/2024\/02\/4-768x1086.png\" alt=\"4\" \/><\/figure><\/div><div class=\"swiper-slide\" role=\"group\" aria-roledescription=\"slide\" aria-label=\"3 of 23\"><figure class=\"swiper-slide-inner\"><img decoding=\"async\" class=\"swiper-slide-image\" src=\"https:\/\/www.viva-riviera.com\/wp-content\/uploads\/2024\/02\/CANNES-10-768x1086.png\" alt=\"CANNES-10\" \/><\/figure><\/div><div class=\"swiper-slide\" role=\"group\" aria-roledescription=\"slide\" aria-label=\"4 of 23\"><figure class=\"swiper-slide-inner\"><img decoding=\"async\" class=\"swiper-slide-image\" src=\"https:\/\/www.viva-riviera.com\/wp-content\/uploads\/2023\/04\/3-4-768x1086.jpg\" alt=\"Location-saisonni\u00e8re-appartements-congr\u00e8s-activit\u00e9s-Cannes\" \/><\/figure><\/div><div class=\"swiper-slide\" role=\"group\" aria-roledescription=\"slide\" aria-label=\"5 of 23\"><figure class=\"swiper-slide-inner\"><img decoding=\"async\" class=\"swiper-slide-image\" src=\"https:\/\/www.viva-riviera.com\/wp-content\/uploads\/2023\/04\/4-4-768x1086.jpg\" alt=\"Location-saisonni\u00e8re-appartements-congr\u00e8s-activit\u00e9s-Cannes\" \/><\/figure><\/div><div class=\"swiper-slide\" role=\"group\" aria-roledescription=\"slide\" aria-label=\"6 of 23\"><figure class=\"swiper-slide-inner\"><img decoding=\"async\" class=\"swiper-slide-image\" src=\"https:\/\/www.viva-riviera.com\/wp-content\/uploads\/2023\/04\/5-4-768x1086.jpg\" alt=\"Location-saisonni\u00e8re-appartements-congr\u00e8s-activit\u00e9s-Cannes\" \/><\/figure><\/div><div class=\"swiper-slide\" role=\"group\" aria-roledescription=\"slide\" aria-label=\"7 of 23\"><figure class=\"swiper-slide-inner\"><img decoding=\"async\" class=\"swiper-slide-image\" src=\"https:\/\/www.viva-riviera.com\/wp-content\/uploads\/2023\/04\/6-4-768x1086.jpg\" alt=\"Location-saisonni\u00e8re-appartements-congr\u00e8s-activit\u00e9s-Cannes\" \/><\/figure><\/div><div class=\"swiper-slide\" role=\"group\" aria-roledescription=\"slide\" aria-label=\"8 of 23\"><figure class=\"swiper-slide-inner\"><img decoding=\"async\" class=\"swiper-slide-image\" src=\"https:\/\/www.viva-riviera.com\/wp-content\/uploads\/2023\/04\/7-4-768x1086.jpg\" alt=\"Location-saisonni\u00e8re-appartements-congr\u00e8s-activit\u00e9s-Cannes\" \/><\/figure><\/div><div class=\"swiper-slide\" role=\"group\" aria-roledescription=\"slide\" aria-label=\"9 of 23\"><figure class=\"swiper-slide-inner\"><img decoding=\"async\" class=\"swiper-slide-image\" src=\"https:\/\/www.viva-riviera.com\/wp-content\/uploads\/2023\/04\/8-4-768x1086.jpg\" alt=\"Location-saisonni\u00e8re-appartements-congr\u00e8s-activit\u00e9s-Cannes\" \/><\/figure><\/div><div class=\"swiper-slide\" role=\"group\" aria-roledescription=\"slide\" aria-label=\"10 of 23\"><figure class=\"swiper-slide-inner\"><img decoding=\"async\" class=\"swiper-slide-image\" src=\"https:\/\/www.viva-riviera.com\/wp-content\/uploads\/2023\/04\/9-4-768x1086.jpg\" alt=\"Location-saisonni\u00e8re-appartements-congr\u00e8s-activit\u00e9s-Cannes\" \/><\/figure><\/div><div class=\"swiper-slide\" role=\"group\" aria-roledescription=\"slide\" aria-label=\"11 of 23\"><figure class=\"swiper-slide-inner\"><img decoding=\"async\" class=\"swiper-slide-image\" src=\"https:\/\/www.viva-riviera.com\/wp-content\/uploads\/2023\/04\/10-4-768x1086.jpg\" alt=\"Location-saisonni\u00e8re-appartements-congr\u00e8s-activit\u00e9s-Cannes\" \/><\/figure><\/div><div class=\"swiper-slide\" role=\"group\" aria-roledescription=\"slide\" aria-label=\"12 of 23\"><figure class=\"swiper-slide-inner\"><img decoding=\"async\" class=\"swiper-slide-image\" src=\"https:\/\/www.viva-riviera.com\/wp-content\/uploads\/2023\/04\/11-4-768x1086.jpg\" alt=\"Location-saisonni\u00e8re-appartements-congr\u00e8s-activit\u00e9s-Cannes\" \/><\/figure><\/div><div class=\"swiper-slide\" role=\"group\" aria-roledescription=\"slide\" aria-label=\"13 of 23\"><figure class=\"swiper-slide-inner\"><img decoding=\"async\" class=\"swiper-slide-image\" src=\"https:\/\/www.viva-riviera.com\/wp-content\/uploads\/2023\/04\/12-4-768x1086.jpg\" alt=\"Location-saisonni\u00e8re-appartements-congr\u00e8s-activit\u00e9s-Cannes\" \/><\/figure><\/div><div class=\"swiper-slide\" role=\"group\" aria-roledescription=\"slide\" aria-label=\"14 of 23\"><figure class=\"swiper-slide-inner\"><img decoding=\"async\" class=\"swiper-slide-image\" src=\"https:\/\/www.viva-riviera.com\/wp-content\/uploads\/2023\/04\/13-4-768x1086.jpg\" alt=\"Location-saisonni\u00e8re-appartements-congr\u00e8s-activit\u00e9s-Cannes\" \/><\/figure><\/div><div class=\"swiper-slide\" role=\"group\" aria-roledescription=\"slide\" aria-label=\"15 of 23\"><figure class=\"swiper-slide-inner\"><img decoding=\"async\" class=\"swiper-slide-image\" src=\"https:\/\/www.viva-riviera.com\/wp-content\/uploads\/2023\/04\/14-4-768x1086.jpg\" alt=\"Location-saisonni\u00e8re-appartements-congr\u00e8s-activit\u00e9s-Cannes\" \/><\/figure><\/div><div class=\"swiper-slide\" role=\"group\" aria-roledescription=\"slide\" aria-label=\"16 of 23\"><figure class=\"swiper-slide-inner\"><img decoding=\"async\" class=\"swiper-slide-image\" src=\"https:\/\/www.viva-riviera.com\/wp-content\/uploads\/2023\/04\/15-4-768x1086.jpg\" alt=\"Location-saisonni\u00e8re-appartements-congr\u00e8s-activit\u00e9s-Cannes\" \/><\/figure><\/div><div class=\"swiper-slide\" role=\"group\" aria-roledescription=\"slide\" aria-label=\"17 of 23\"><figure class=\"swiper-slide-inner\"><img decoding=\"async\" class=\"swiper-slide-image\" src=\"https:\/\/www.viva-riviera.com\/wp-content\/uploads\/2023\/04\/16-4-768x1086.jpg\" alt=\"Location-saisonni\u00e8re-appartements-congr\u00e8s-activit\u00e9s-Cannes\" \/><\/figure><\/div><div class=\"swiper-slide\" role=\"group\" aria-roledescription=\"slide\" aria-label=\"18 of 23\"><figure class=\"swiper-slide-inner\"><img decoding=\"async\" class=\"swiper-slide-image\" src=\"https:\/\/www.viva-riviera.com\/wp-content\/uploads\/2023\/04\/17-4-768x1086.jpg\" alt=\"Location-saisonni\u00e8re-appartements-congr\u00e8s-activit\u00e9s-Cannes\" \/><\/figure><\/div><div class=\"swiper-slide\" role=\"group\" aria-roledescription=\"slide\" aria-label=\"19 of 23\"><figure class=\"swiper-slide-inner\"><img decoding=\"async\" class=\"swiper-slide-image\" src=\"https:\/\/www.viva-riviera.com\/wp-content\/uploads\/2023\/04\/18-4-768x1086.jpg\" alt=\"Location-saisonni\u00e8re-appartements-congr\u00e8s-activit\u00e9s-Cannes\" \/><\/figure><\/div><div class=\"swiper-slide\" role=\"group\" aria-roledescription=\"slide\" aria-label=\"20 of 23\"><figure class=\"swiper-slide-inner\"><img decoding=\"async\" class=\"swiper-slide-image\" src=\"https:\/\/www.viva-riviera.com\/wp-content\/uploads\/2023\/04\/19-4-768x1086.jpg\" alt=\"Location-saisonni\u00e8re-appartements-congr\u00e8s-activit\u00e9s-Cannes\" \/><\/figure><\/div><div class=\"swiper-slide\" role=\"group\" aria-roledescription=\"slide\" aria-label=\"21 of 23\"><figure class=\"swiper-slide-inner\"><img decoding=\"async\" class=\"swiper-slide-image\" src=\"https:\/\/www.viva-riviera.com\/wp-content\/uploads\/2023\/04\/20-4-768x1086.jpg\" alt=\"Location-saisonni\u00e8re-appartements-congr\u00e8s-activit\u00e9s-Cannes\" \/><\/figure><\/div><div class=\"swiper-slide\" role=\"group\" aria-roledescription=\"slide\" aria-label=\"22 of 23\"><figure class=\"swiper-slide-inner\"><img decoding=\"async\" class=\"swiper-slide-image\" src=\"https:\/\/www.viva-riviera.com\/wp-content\/uploads\/2023\/04\/21-4-768x1086.jpg\" alt=\"Location-saisonni\u00e8re-appartements-congr\u00e8s-activit\u00e9s-Cannes\" \/><\/figure><\/div><div class=\"swiper-slide\" role=\"group\" aria-roledescription=\"slide\" aria-label=\"23 of 23\"><figure class=\"swiper-slide-inner\"><img decoding=\"async\" class=\"swiper-slide-image\" src=\"https:\/\/www.viva-riviera.com\/wp-content\/uploads\/2024\/02\/CANNES-9-768x1086.png\" alt=\"CANNES-9\" \/><\/figure><\/div>\t\t\t<\/div>\n\t\t\t\t\t\t\t\t\t\t\t\t<div class=\"elementor-swiper-button elementor-swiper-button-prev\" role=\"button\" tabindex=\"0\">\n\t\t\t\t\t\t<i aria-hidden=\"true\" class=\"eicon-chevron-left\"><\/i>\t\t\t\t\t<\/div>\n\t\t\t\t\t<div class=\"elementor-swiper-button elementor-swiper-button-next\" role=\"button\" tabindex=\"0\">\n\t\t\t\t\t\t<i aria-hidden=\"true\" class=\"eicon-chevron-right\"><\/i>\t\t\t\t\t<\/div>\n\t\t\t\t\n\t\t\t\t\t\t\t\t\t<div class=\"swiper-pagination\"><\/div>\n\t\t\t\t\t\t\t\t\t<\/div>\n\t\t\t\t<\/div>\n\t\t\t\t<\/div>\n\t\t\t\t\t<\/div>\n\t\t<\/div>\n\t\t\t\t\t\t\t<\/div>\n\t\t<\/section>\n\t\t\t\t\t\t\t<\/div>\n\t\t","protected":false},"excerpt":{"rendered":"<p>Welcome Charter Welcome Charter<\/p>\n","protected":false},"author":2,"featured_media":0,"parent":0,"menu_order":0,"comment_status":"closed","ping_status":"closed","template":"elementor_header_footer","meta":{"_exactmetrics_skip_tracking":false,"_exactmetrics_sitenote_active":false,"_exactmetrics_sitenote_note":"","_exactmetrics_sitenote_category":0},"yoast_head":"<!-- This site is optimized with the Yoast SEO plugin v21.8.1 - https:\/\/yoast.com\/wordpress\/plugins\/seo\/ -->\n<title>Welcome Charter - Viva Riviera<\/title>\n<meta name=\"robots\" content=\"index, follow, max-snippet:-1, max-image-preview:large, max-video-preview:-1\" \/>\n<link rel=\"canonical\" href=\"https:\/\/www.viva-riviera.com\/en\/welcome-charter\/\" \/>\n<meta property=\"og:locale\" content=\"en_US\" \/>\n<meta property=\"og:type\" content=\"article\" \/>\n<meta property=\"og:title\" content=\"Welcome Charter - Viva Riviera\" \/>\n<meta property=\"og:description\" content=\"Welcome Charter Welcome Charter\" \/>\n<meta property=\"og:url\" content=\"https:\/\/www.viva-riviera.com\/en\/welcome-charter\/\" \/>\n<meta property=\"og:site_name\" content=\"Viva Riviera\" \/>\n<meta property=\"article:publisher\" content=\"https:\/\/www.facebook.com\/vivariviera\" \/>\n<meta property=\"article:modified_time\" content=\"2024-02-02T16:16:32+00:00\" \/>\n<meta property=\"og:image\" content=\"https:\/\/www.viva-riviera.com\/wp-content\/uploads\/2024\/02\/1-768x1086.png\" \/>\n<meta name=\"twitter:card\" content=\"summary_large_image\" \/>\n<meta name=\"twitter:site\" content=\"@Viva_Riviera\" \/>\n<meta name=\"twitter:label1\" content=\"Est. reading time\" \/>\n\t<meta name=\"twitter:data1\" content=\"6 minutes\" \/>\n<script type=\"application\/ld+json\" class=\"yoast-schema-graph\">{\"@context\":\"https:\/\/schema.org\",\"@graph\":[{\"@type\":\"WebPage\",\"@id\":\"https:\/\/www.viva-riviera.com\/en\/welcome-charter\/\",\"url\":\"https:\/\/www.viva-riviera.com\/en\/welcome-charter\/\",\"name\":\"Welcome Charter - Viva Riviera\",\"isPartOf\":{\"@id\":\"https:\/\/www.viva-riviera.com\/en\/#website\"},\"datePublished\":\"2023-04-26T08:38:06+00:00\",\"dateModified\":\"2024-02-02T16:16:32+00:00\",\"breadcrumb\":{\"@id\":\"https:\/\/www.viva-riviera.com\/en\/welcome-charter\/#breadcrumb\"},\"inLanguage\":\"en-US\",\"potentialAction\":[{\"@type\":\"ReadAction\",\"target\":[\"https:\/\/www.viva-riviera.com\/en\/welcome-charter\/\"]}]},{\"@type\":\"BreadcrumbList\",\"@id\":\"https:\/\/www.viva-riviera.com\/en\/welcome-charter\/#breadcrumb\",\"itemListElement\":[{\"@type\":\"ListItem\",\"position\":1,\"name\":\"Accueil\",\"item\":\"https:\/\/www.viva-riviera.com\/en\/welcome\/\"},{\"@type\":\"ListItem\",\"position\":2,\"name\":\"Welcome Charter\"}]},{\"@type\":\"WebSite\",\"@id\":\"https:\/\/www.viva-riviera.com\/en\/#website\",\"url\":\"https:\/\/www.viva-riviera.com\/en\/\",\"name\":\"Viva Riviera\",\"description\":\"Location saisonni\u00e8re \u00e0 Cannes\",\"potentialAction\":[{\"@type\":\"SearchAction\",\"target\":{\"@type\":\"EntryPoint\",\"urlTemplate\":\"https:\/\/www.viva-riviera.com\/en\/?s={search_term_string}\"},\"query-input\":\"required name=search_term_string\"}],\"inLanguage\":\"en-US\"}]}<\/script>\n<!-- \/ Yoast SEO plugin. -->","yoast_head_json":{"title":"Welcome Charter - Viva Riviera","robots":{"index":"index","follow":"follow","max-snippet":"max-snippet:-1","max-image-preview":"max-image-preview:large","max-video-preview":"max-video-preview:-1"},"canonical":"https:\/\/www.viva-riviera.com\/en\/welcome-charter\/","og_locale":"en_US","og_type":"article","og_title":"Welcome Charter - Viva Riviera","og_description":"Welcome Charter Welcome Charter","og_url":"https:\/\/www.viva-riviera.com\/en\/welcome-charter\/","og_site_name":"Viva Riviera","article_publisher":"https:\/\/www.facebook.com\/vivariviera","article_modified_time":"2024-02-02T16:16:32+00:00","og_image":[{"url":"https:\/\/www.viva-riviera.com\/wp-content\/uploads\/2024\/02\/1-768x1086.png"}],"twitter_card":"summary_large_image","twitter_site":"@Viva_Riviera","twitter_misc":{"Est. reading time":"6 minutes"},"schema":{"@context":"https:\/\/schema.org","@graph":[{"@type":"WebPage","@id":"https:\/\/www.viva-riviera.com\/en\/welcome-charter\/","url":"https:\/\/www.viva-riviera.com\/en\/welcome-charter\/","name":"Welcome Charter - Viva Riviera","isPartOf":{"@id":"https:\/\/www.viva-riviera.com\/en\/#website"},"datePublished":"2023-04-26T08:38:06+00:00","dateModified":"2024-02-02T16:16:32+00:00","breadcrumb":{"@id":"https:\/\/www.viva-riviera.com\/en\/welcome-charter\/#breadcrumb"},"inLanguage":"en-US","potentialAction":[{"@type":"ReadAction","target":["https:\/\/www.viva-riviera.com\/en\/welcome-charter\/"]}]},{"@type":"BreadcrumbList","@id":"https:\/\/www.viva-riviera.com\/en\/welcome-charter\/#breadcrumb","itemListElement":[{"@type":"ListItem","position":1,"name":"Accueil","item":"https:\/\/www.viva-riviera.com\/en\/welcome\/"},{"@type":"ListItem","position":2,"name":"Welcome Charter"}]},{"@type":"WebSite","@id":"https:\/\/www.viva-riviera.com\/en\/#website","url":"https:\/\/www.viva-riviera.com\/en\/","name":"Viva Riviera","description":"Location saisonni\u00e8re \u00e0 Cannes","potentialAction":[{"@type":"SearchAction","target":{"@type":"EntryPoint","urlTemplate":"https:\/\/www.viva-riviera.com\/en\/?s={search_term_string}"},"query-input":"required name=search_term_string"}],"inLanguage":"en-US"}]}},"_links":{"self":[{"href":"https:\/\/www.viva-riviera.com\/en\/wp-json\/wp\/v2\/pages\/38782"}],"collection":[{"href":"https:\/\/www.viva-riviera.com\/en\/wp-json\/wp\/v2\/pages"}],"about":[{"href":"https:\/\/www.viva-riviera.com\/en\/wp-json\/wp\/v2\/types\/page"}],"author":[{"embeddable":true,"href":"https:\/\/www.viva-riviera.com\/en\/wp-json\/wp\/v2\/users\/2"}],"replies":[{"embeddable":true,"href":"https:\/\/www.viva-riviera.com\/en\/wp-json\/wp\/v2\/comments?post=38782"}],"version-history":[{"count":12,"href":"https:\/\/www.viva-riviera.com\/en\/wp-json\/wp\/v2\/pages\/38782\/revisions"}],"predecessor-version":[{"id":41642,"href":"https:\/\/www.viva-riviera.com\/en\/wp-json\/wp\/v2\/pages\/38782\/revisions\/41642"}],"wp:attachment":[{"href":"https:\/\/www.viva-riviera.com\/en\/wp-json\/wp\/v2\/media?parent=38782"}],"curies":[{"name":"wp","href":"https:\/\/api.w.org\/{rel}","templated":true}]}}